{"id":13,"date":"2016-11-01T16:49:19","date_gmt":"2016-11-01T15:49:19","guid":{"rendered":"http:\/\/poledancemallorca.com\/?page_id=13"},"modified":"2026-04-20T17:28:10","modified_gmt":"2026-04-20T16:28:10","slug":"horario","status":"publish","type":"page","link":"https:\/\/poledancemallorca.com\/en\/horario\/","title":{"rendered":"HORARIO"},"content":{"rendered":"<div  style='padding-bottom:10px; ' class='av-special-heading av-special-heading-h3    avia-builder-el-0  el_before_av_hr  avia-builder-el-first'><h3 class='av-special-heading-tag'  itemprop=\"headline\"  >SCHEDULES<\/h3><div class='special-heading-border'><div class='special-heading-inner-border' ><\/div><\/div><\/div>\n<div  style='height:50px' class='hr hr-invisible   avia-builder-el-1  el_after_av_heading  el_before_av_image'><span class='hr-inner' ><span class='hr-inner-style'><\/span><\/span><\/div>\n<div  class='avia-image-container  av-styling-    avia-builder-el-2  el_after_av_hr  el_before_av_image  avia-align-center'  itemprop=\"image\" itemscope=\"itemscope\" itemtype=\"https:\/\/schema.org\/ImageObject\"  ><div class='avia-image-container-inner'><div class='avia-image-overlay-wrap'><a href='https:\/\/poledancemallorca.com\/wp-content\/uploads\/2026\/04\/horario-mayo-1030x567.png' class='avia_image'  ><img width=\"3352\" height=\"1846\" class='wp-image-7294 avia-img-lazy-loading-not-7294 avia_image' src=\"https:\/\/poledancemallorca.com\/wp-content\/uploads\/2026\/04\/horario-mayo.png\" alt='' title=''  itemprop=\"thumbnailUrl\" srcset=\"https:\/\/poledancemallorca.com\/wp-content\/uploads\/2026\/04\/horario-mayo.png 3352w, https:\/\/poledancemallorca.com\/wp-content\/uploads\/2026\/04\/horario-mayo-300x165.png 300w, https:\/\/poledancemallorca.com\/wp-content\/uploads\/2026\/04\/horario-mayo-1030x567.png 1030w, https:\/\/poledancemallorca.com\/wp-content\/uploads\/2026\/04\/horario-mayo-768x423.png 768w, https:\/\/poledancemallorca.com\/wp-content\/uploads\/2026\/04\/horario-mayo-1536x846.png 1536w, https:\/\/poledancemallorca.com\/wp-content\/uploads\/2026\/04\/horario-mayo-2048x1128.png 2048w, https:\/\/poledancemallorca.com\/wp-content\/uploads\/2026\/04\/horario-mayo-16x9.png 16w, https:\/\/poledancemallorca.com\/wp-content\/uploads\/2026\/04\/horario-mayo-1500x826.png 1500w, https:\/\/poledancemallorca.com\/wp-content\/uploads\/2026\/04\/horario-mayo-705x388.png 705w\" sizes=\"(max-width: 3352px) 100vw, 3352px\" \/><\/a><\/div><\/div><\/div>\n\n<div  style='padding-bottom:10px; ' class='av-special-heading av-special-heading-h3    avia-builder-el-4  el_after_av_image  el_before_av_one_half'><h3 class='av-special-heading-tag'  itemprop=\"headline\"  >Important information<\/h3><div class='special-heading-border'><div class='special-heading-inner-border' ><\/div><\/div><\/div>\n<div class=\"flex_column av_one_half  flex_column_div av-zero-column-padding first  avia-builder-el-5  el_after_av_heading  el_before_av_one_half\" style='border-radius:0px; '><section class=\"av_textblock_section\"  itemscope=\"itemscope\" itemtype=\"https:\/\/schema.org\/CreativeWork\" ><div class='avia_textblock'   itemprop=\"text\" ><ul>\n<li>\n<h3>Para que realices correctamente el calentamiento, para evitar lesiones y por respeto a la profesora y a tus compa\u00f1eras es importante llegar con puntualidad a las clases, el instructor se reserva el derecho de limitar el acceso a la clase despu\u00e9s del calentamiento o pasados los 20 primeros minutos.<\/h3>\n<\/li>\n<li>\n<h3>Es necesario reservar plaza para hacer la clase a trav\u00e9s de la app Mindbody o de esta pagina web.<\/h3>\n<\/li>\n<li>\n<h3>Se puede cancelar sin cargo la clase con una antelaci\u00f3n de 12h para que otra chica pueda ocupar tu plaza. No presentarse en una clase sin antes anularla penaliza con 2 clases en tu bono.<\/h3>\n<\/li>\n<li>\n<h3>Vestuario: Short, camiseta, toalla grande, trapito peque\u00f1o para limpiar la barra y tu propia esterilla (medidas provisionales por higiene). En el caso de a\u00e9reos puedes venir con leggins y en algunas clases de baile con tacones (Exotic o Burlesque) y zapatillas de deporte limpias en Twerk. Obligatorio quitarse los zapatos en la entrada y depositarlos en el zapatero.<\/h3>\n<\/li>\n<li>\n<h3>Los bonos son mensuales y tienen validez del 1 al 31 de cada mes, rogamos compres el bono que mejor se adapte a tu disponibilidad para que no pierdas ninguna clase. S\u00f3lo se pueden recuperar clases en el mes siguiente por lesi\u00f3n justificada a\u00f1adiendo las clases no consumidas a la cuota m\u00ednima.<\/h3>\n<\/li>\n<li>\n<h3>Prueba gratuita: Reserva tu plaza en el +34 871 711 262 o +34 618 288 832 (WhatsApp). \u00a1Te esperamos!<\/h3>\n<\/li>\n<\/ul>\n<\/div><\/section><\/div>\n<div class=\"flex_column av_one_half  flex_column_div av-zero-column-padding   avia-builder-el-7  el_after_av_one_half  el_before_av_textblock\" style='border-radius:0px; '><div  class='avia-image-container  av-styling-    avia-builder-el-8  avia-builder-el-no-sibling  avia-align-center'  itemprop=\"image\" itemscope=\"itemscope\" itemtype=\"https:\/\/schema.org\/ImageObject\"  ><div class='avia-image-container-inner'><div class='avia-image-overlay-wrap'><img class='wp-image-5533 avia-img-lazy-loading-not-5533 avia_image' src=\"https:\/\/poledancemallorca.com\/wp-content\/uploads\/2019\/06\/logo-poledancemallorca-rosa-300x300.png\" alt='' title='logo-poledancemallorca-rosa' height=\"300\" width=\"300\"  itemprop=\"thumbnailUrl\" srcset=\"https:\/\/poledancemallorca.com\/wp-content\/uploads\/2019\/06\/logo-poledancemallorca-rosa-300x300.png 300w, https:\/\/poledancemallorca.com\/wp-content\/uploads\/2019\/06\/logo-poledancemallorca-rosa-80x80.png 80w, https:\/\/poledancemallorca.com\/wp-content\/uploads\/2019\/06\/logo-poledancemallorca-rosa-36x36.png 36w, https:\/\/poledancemallorca.com\/wp-content\/uploads\/2019\/06\/logo-poledancemallorca-rosa-180x180.png 180w, https:\/\/poledancemallorca.com\/wp-content\/uploads\/2019\/06\/logo-poledancemallorca-rosa-120x120.png 120w, https:\/\/poledancemallorca.com\/wp-content\/uploads\/2019\/06\/logo-poledancemallorca-rosa.png 413w\" sizes=\"(max-width: 300px) 100vw, 300px\" \/><\/div><\/div><\/div><\/div>\n<section class=\"av_textblock_section\"  itemscope=\"itemscope\" itemtype=\"https:\/\/schema.org\/CreativeWork\" ><div class='avia_textblock'   itemprop=\"text\" ><p><u>\u00a0<\/u><script src=\"https:\/\/widgets.healcode.com\/javascripts\/healcode.js\" type=\"text\/javascript\"><\/script>\r\n\r\n<healcode-widget data-type=\"schedules\" data-widget-partner=\"object\" data-widget-id=\"d5770022429\" data-widget-version=\"1\" ><\/healcode-widget><\/p>\n<\/div><\/section>","protected":false},"excerpt":{"rendered":"","protected":false},"author":3,"featured_media":0,"parent":0,"menu_order":2,"comment_status":"closed","ping_status":"closed","template":"","meta":[],"_links":{"self":[{"href":"https:\/\/poledancemallorca.com\/en\/wp-json\/wp\/v2\/pages\/13"}],"collection":[{"href":"https:\/\/poledancemallorca.com\/en\/wp-json\/wp\/v2\/pages"}],"about":[{"href":"https:\/\/poledancemallorca.com\/en\/wp-json\/wp\/v2\/types\/page"}],"author":[{"embeddable":true,"href":"https:\/\/poledancemallorca.com\/en\/wp-json\/wp\/v2\/users\/3"}],"replies":[{"embeddable":true,"href":"https:\/\/poledancemallorca.com\/en\/wp-json\/wp\/v2\/comments?post=13"}],"version-history":[{"count":221,"href":"https:\/\/poledancemallorca.com\/en\/wp-json\/wp\/v2\/pages\/13\/revisions"}],"predecessor-version":[{"id":7296,"href":"https:\/\/poledancemallorca.com\/en\/wp-json\/wp\/v2\/pages\/13\/revisions\/7296"}],"wp:attachment":[{"href":"https:\/\/poledancemallorca.com\/en\/wp-json\/wp\/v2\/media?parent=13"}],"curies":[{"name":"wp","href":"https:\/\/api.w.org\/{rel}","templated":true}]}}