{"id":1945,"date":"2014-05-08T18:16:58","date_gmt":"2014-05-08T16:16:58","guid":{"rendered":"http:\/\/poledancemallorca.com\/?page_id=1945"},"modified":"2026-01-09T15:02:19","modified_gmt":"2026-01-09T14:02:19","slug":"cuotas","status":"publish","type":"page","link":"https:\/\/poledancemallorca.com\/en\/cuotas\/","title":{"rendered":"FEES"},"content":{"rendered":"<div  style='padding-bottom:50px; ' class='av-special-heading av-special-heading-h3    avia-builder-el-0  el_before_av_image  avia-builder-el-first'><h3 class='av-special-heading-tag'  itemprop=\"headline\"  >TARIFAS 2026<\/h3><div class='special-heading-border'><div class='special-heading-inner-border' ><\/div><\/div><\/div>\n<div  class='avia-image-container  av-styling-    avia-builder-el-1  el_after_av_heading  el_before_av_one_half  avia-align-center'  itemprop=\"image\" itemscope=\"itemscope\" itemtype=\"https:\/\/schema.org\/ImageObject\"  ><div class='avia-image-container-inner'><div class='avia-image-overlay-wrap'><img class='wp-image-7263 avia-img-lazy-loading-not-7263 avia_image' src=\"https:\/\/poledancemallorca.com\/wp-content\/uploads\/2026\/01\/TARIFAS-2026.jpg\" alt='' title='' height=\"1260\" width=\"886\"  itemprop=\"thumbnailUrl\" srcset=\"https:\/\/poledancemallorca.com\/wp-content\/uploads\/2026\/01\/TARIFAS-2026.jpg 886w, https:\/\/poledancemallorca.com\/wp-content\/uploads\/2026\/01\/TARIFAS-2026-211x300.jpg 211w, https:\/\/poledancemallorca.com\/wp-content\/uploads\/2026\/01\/TARIFAS-2026-724x1030.jpg 724w, https:\/\/poledancemallorca.com\/wp-content\/uploads\/2026\/01\/TARIFAS-2026-768x1092.jpg 768w, https:\/\/poledancemallorca.com\/wp-content\/uploads\/2026\/01\/TARIFAS-2026-8x12.jpg 8w, https:\/\/poledancemallorca.com\/wp-content\/uploads\/2026\/01\/TARIFAS-2026-496x705.jpg 496w\" sizes=\"(max-width: 886px) 100vw, 886px\" \/><\/div><\/div><\/div>\n<div class=\"flex_column av_one_half  flex_column_div av-zero-column-padding first  avia-builder-el-2  el_after_av_image  el_before_av_one_half\" style='border-radius:0px; '><p><div  style='padding-bottom:10px; ' class='av-special-heading av-special-heading-h3    avia-builder-el-3  el_before_av_textblock  avia-builder-el-first'><h3 class='av-special-heading-tag'  itemprop=\"headline\"  >PACKS COMBINADOS<\/h3><div class='special-heading-border'><div class='special-heading-inner-border' ><\/div><\/div><\/div><br \/>\n<section class=\"av_textblock_section\"  itemscope=\"itemscope\" itemtype=\"https:\/\/schema.org\/CreativeWork\" ><div class='avia_textblock'   itemprop=\"text\" ><p><strong>Pole\/A\u00e9reos incluye:<\/strong> Pole Dance, Aro, Telas y Flying Pole<br \/>\n<strong>Otros estilos incluye:<\/strong> Flexibilidad, Flexibilidad+Floorwork, ShowDance, Pole Art, Exotic, Chair Dance, Pole Free y Aerial Free.<\/p>\n<\/div><\/section><br \/>\n<div  class='avia-table main_color avia-pricing-table-container avia_show_empty_cells avia_pricing_minimal   avia-builder-el-5  el_after_av_textblock  el_before_av_table  avia-table-1'  itemscope=\"itemscope\" itemtype=\"https:\/\/schema.org\/Table\" ><div class='pricing-table-wrap'><ul class='pricing-table'><li class='avia-pricing-row'><div class='first-table-item'>BRONZE<\/div><span class='pricing-extra'><\/span><\/li><li class='avia-heading-row'>4 clases de Pole o A\u00e9reos + 4 de otro estilo + 2 free<\/li><li class='avia-pricing-row'>79<span class=\"currency-symbol\">\u20ac<\/span><\/li><\/ul><\/div><\/div><br \/>\n<div  class='avia-table main_color avia-pricing-table-container  avia_pricing_default   avia-builder-el-6  el_after_av_table  el_before_av_table  avia-table-2'  itemscope=\"itemscope\" itemtype=\"https:\/\/schema.org\/Table\" ><div class='pricing-table-wrap'><ul class='pricing-table'><li class='avia-pricing-row'><div class='first-table-item'>SILVER<\/div><span class='pricing-extra'><\/span><\/li><li class='avia-heading-row'>8 clases de Pole o A\u00e9reos + 8 otro estilo + 3 free<\/li><li class='avia-pricing-row'>99<span class=\"currency-symbol\">\u20ac<\/span><\/li><\/ul><\/div><\/div><br \/>\n<div  class='avia-table main_color avia-pricing-table-container  avia_pricing_minimal   avia-builder-el-7  el_after_av_table  el_before_av_table  avia-table-3'  itemscope=\"itemscope\" itemtype=\"https:\/\/schema.org\/Table\" ><div class='pricing-table-wrap'><ul class='pricing-table'><li class='avia-pricing-row'><div class='first-table-item'>GOLD<\/div><span class='pricing-extra'><\/span><\/li><li class='avia-heading-row'>12 clases de Pole o A\u00e9reos + 12 otro estilo + 4 free<\/li><li class='avia-pricing-row'>119<span class=\"currency-symbol\">\u20ac<\/span><\/li><\/ul><\/div><\/div><br \/>\n<div  class='avia-table main_color avia-pricing-table-container  avia_pricing_minimal   avia-builder-el-8  el_after_av_table  el_before_av_table  avia-table-4'  itemscope=\"itemscope\" itemtype=\"https:\/\/schema.org\/Table\" ><div class='pricing-table-wrap'><ul class='pricing-table'><li class='avia-pricing-row'><div class='first-table-item'>DIAMOND<\/div><span class='pricing-extra'><\/span><\/li><li class='avia-heading-row'>24 clases de Pole o A\u00e9reos + 24 de otro estilo + 5 free<\/li><li class='avia-pricing-row'>199<span class=\"currency-symbol\">\u20ac<\/span><\/li><\/ul><\/div><\/div><br \/>\n<div  class='avia-table main_color avia-pricing-table-container  avia_pricing_minimal   avia-builder-el-9  el_after_av_table  el_before_av_table  avia-table-5'  itemscope=\"itemscope\" itemtype=\"https:\/\/schema.org\/Table\" ><div class='pricing-table-wrap'><ul class='pricing-table'><li class='avia-pricing-row'><div class='first-table-item'>PACK 4 CLASES POLE\/A\u00c9REOS<\/div><span class='pricing-extra'><\/span><\/li><li class='avia-heading-row'>4 clases de Pole o A\u00e9reos + 2 free<\/li><li class='avia-pricing-row'>75<span class=\"currency-symbol\">\u20ac<\/span><\/li><\/ul><\/div><\/div><br \/>\n<div  class='avia-table main_color avia-pricing-table-container  avia_pricing_minimal   avia-builder-el-10  el_after_av_table  el_before_av_table  avia-table-6'  itemscope=\"itemscope\" itemtype=\"https:\/\/schema.org\/Table\" ><div class='pricing-table-wrap'><ul class='pricing-table'><li class='avia-pricing-row'><div class='first-table-item'>PACK 8 CLASES POLE\/A\u00c9REOS<\/div><span class='pricing-extra'><\/span><\/li><li class='avia-heading-row'>8 clases de Pole o A\u00e9reos + 3 free<\/li><li class='avia-pricing-row'>95<span class=\"currency-symbol\">\u20ac<\/span><\/li><\/ul><\/div><\/div><br \/>\n<div  class='avia-table main_color avia-pricing-table-container  avia_pricing_minimal   avia-builder-el-11  el_after_av_table  el_before_av_heading  avia-table-7'  itemscope=\"itemscope\" itemtype=\"https:\/\/schema.org\/Table\" ><div class='pricing-table-wrap'><ul class='pricing-table'><li class='avia-pricing-row'><div class='first-table-item'>PACK 12 CLASES POLE\/A\u00c9REOS<\/div><span class='pricing-extra'><\/span><\/li><li class='avia-heading-row'>12 clases de Pole o A\u00e9reos + 4 free<\/li><li class='avia-pricing-row'>120<span class=\"currency-symbol\">\u20ac<\/span><\/li><\/ul><\/div><\/div><br \/>\n<div  style='padding-bottom:10px; ' class='av-special-heading av-special-heading-h3    avia-builder-el-12  el_after_av_table  el_before_av_textblock'><h3 class='av-special-heading-tag'  itemprop=\"headline\"  >CLASES PARA NI\u00d1@S<\/h3><div class='special-heading-border'><div class='special-heading-inner-border' ><\/div><\/div><\/div><br \/>\n<section class=\"av_textblock_section\"  itemscope=\"itemscope\" itemtype=\"https:\/\/schema.org\/CreativeWork\" ><div class='avia_textblock'   itemprop=\"text\" ><p><strong>Includes:<\/strong> Telas Kids y Pole Kids<\/p>\n<\/div><\/section><br \/>\n<div  class='avia-table main_color avia-pricing-table-container  avia_pricing_minimal   avia-builder-el-14  el_after_av_textblock  avia-builder-el-last  avia-table-8'  itemscope=\"itemscope\" itemtype=\"https:\/\/schema.org\/Table\" ><div class='pricing-table-wrap'><ul class='pricing-table'><li class='avia-pricing-row'><div class='first-table-item'>POLEKIDS<\/div><span class='pricing-extra'><\/span><\/li><li class='avia-pricing-row'>AERIALKIDS<\/li><li class='avia-heading-row'>1 single class<\/li><li class='avia-pricing-row'>20<span class=\"currency-symbol\">\u20ac<\/span><\/li><li class='avia-heading-row'>4 classes per month<\/li><li class='avia-pricing-row'>65<span class=\"currency-symbol\">\u20ac<\/span><\/li><li class='avia-heading-row'>8 classes per month<\/li><li class='avia-pricing-row'>90<span class=\"currency-symbol\">\u20ac<\/span><\/li><\/ul><\/div><\/div><\/p><\/div>\n<div class=\"flex_column av_one_half  flex_column_div av-zero-column-padding   avia-builder-el-15  el_after_av_one_half  el_before_av_one_half\" style='border-radius:0px; '><p><div  style='padding-bottom:10px; ' class='av-special-heading av-special-heading-h3    avia-builder-el-16  el_before_av_textblock  avia-builder-el-first'><h3 class='av-special-heading-tag'  itemprop=\"headline\"  >CLASES COMPLEMENTARIAS<\/h3><div class='special-heading-border'><div class='special-heading-inner-border' ><\/div><\/div><\/div><br \/>\n<section class=\"av_textblock_section\"  itemscope=\"itemscope\" itemtype=\"https:\/\/schema.org\/CreativeWork\" ><div class='avia_textblock'   itemprop=\"text\" ><p><strong>Includes:<\/strong> Flexibilidad, Flexibilidad+Floorwork, ShowDance, Pole Art, Exotic, Chair Dance, Pole Free y Aerial Free.<\/p>\n<\/div><\/section><br \/>\n<div  class='avia-table main_color avia-pricing-table-container  avia_pricing_minimal   avia-builder-el-18  el_after_av_textblock  el_before_av_heading  avia-table-9'  itemscope=\"itemscope\" itemtype=\"https:\/\/schema.org\/Table\" ><div class='pricing-table-wrap'><ul class='pricing-table'><li class='avia-pricing-row'><div class='first-table-item'>CLASES COMPLEMENTARIAS (No Pole o A\u00e9reos)<\/div><span class='pricing-extra'><\/span><\/li><li class='avia-heading-row'>4 classes per month<\/li><li class='avia-pricing-row'>60<span class=\"currency-symbol\">\u20ac<\/span><\/li><li class='avia-heading-row'>8 classes per month<\/li><li class='avia-pricing-row'>90<span class=\"currency-symbol\">\u20ac<\/span><\/li><\/ul><\/div><\/div><br \/>\n<div  style='padding-bottom:10px; ' class='av-special-heading av-special-heading-h3    avia-builder-el-19  el_after_av_table  el_before_av_table'><h3 class='av-special-heading-tag'  itemprop=\"headline\"  >LOOSE CLASSES<\/h3><div class='special-heading-border'><div class='special-heading-inner-border' ><\/div><\/div><\/div><br \/>\n<div  class='avia-table main_color avia-pricing-table-container  avia_pricing_minimal   avia-builder-el-20  el_after_av_heading  el_before_av_table  avia-table-10'  itemscope=\"itemscope\" itemtype=\"https:\/\/schema.org\/Table\" ><div class='pricing-table-wrap'><ul class='pricing-table'><li class='avia-pricing-row'><div class='first-table-item'>CLASE SUELTA POLE o A\u00c9REOS<\/div><span class='pricing-extra'><\/span><\/li><li class='avia-heading-row'>1 single class<\/li><li class='avia-pricing-row'>30<span class=\"currency-symbol\">\u20ac<\/span><\/li><li class='avia-heading-row'>1 full day<\/li><li class='avia-pricing-row'>50<span class=\"currency-symbol\">\u20ac<\/span><\/li><\/ul><\/div><\/div><br \/>\n<div  class='avia-table main_color avia-pricing-table-container  avia_pricing_minimal   avia-builder-el-21  el_after_av_table  el_before_av_heading  avia-table-11'  itemscope=\"itemscope\" itemtype=\"https:\/\/schema.org\/Table\" ><div class='pricing-table-wrap'><ul class='pricing-table'><li class='avia-pricing-row'><div class='first-table-item'>CLASE SUELTA COMPLEMENTARIA (No Pole o A\u00e9reos)<\/div><span class='pricing-extra'><\/span><\/li><li class='avia-heading-row'>1 single class<\/li><li class='avia-pricing-row'>25<span class=\"currency-symbol\">\u20ac<\/span><\/li><\/ul><\/div><\/div><br \/>\n<div  style='padding-bottom:10px; ' class='av-special-heading av-special-heading-h3    avia-builder-el-22  el_after_av_table  el_before_av_table'><h3 class='av-special-heading-tag'  itemprop=\"headline\"  >ENTRENO LIBRE<\/h3><div class='special-heading-border'><div class='special-heading-inner-border' ><\/div><\/div><\/div><br \/>\n<div  class='avia-table main_color avia-pricing-table-container  avia_pricing_minimal   avia-builder-el-23  el_after_av_heading  el_before_av_image  avia-table-12'  itemscope=\"itemscope\" itemtype=\"https:\/\/schema.org\/Table\" ><div class='pricing-table-wrap'><ul class='pricing-table'><li class='avia-pricing-row'><div class='first-table-item'>ENTRENO LIBRE<\/div><span class='pricing-extra'><\/span><\/li><li class='avia-heading-row'>Pole o A\u00e9reos Free<\/li><li class='avia-pricing-row'>25<span class=\"currency-symbol\">\u20ac<\/span> por persona<\/li><li class='avia-heading-row'>Alquiler Salas peque\u00f1as (Consulte disponibilidad y precio)<\/li><li class='avia-pricing-row'>desde 40<span class=\"currency-symbol\">\u20ac<\/span>\/persona<\/li><\/ul><\/div><\/div><br \/>\n<div  class='avia-image-container  av-styling-    avia-builder-el-24  el_after_av_table  avia-builder-el-last  avia-align-center'  itemprop=\"image\" itemscope=\"itemscope\" itemtype=\"https:\/\/schema.org\/ImageObject\"  ><div class='avia-image-container-inner'><div class='avia-image-overlay-wrap'><img class='wp-image-5533 avia-img-lazy-loading-not-5533 avia_image' src=\"https:\/\/poledancemallorca.com\/wp-content\/uploads\/2019\/06\/logo-poledancemallorca-rosa.png\" alt='' title='logo-poledancemallorca-rosa' height=\"413\" width=\"413\"  itemprop=\"thumbnailUrl\" srcset=\"https:\/\/poledancemallorca.com\/wp-content\/uploads\/2019\/06\/logo-poledancemallorca-rosa.png 413w, https:\/\/poledancemallorca.com\/wp-content\/uploads\/2019\/06\/logo-poledancemallorca-rosa-80x80.png 80w, https:\/\/poledancemallorca.com\/wp-content\/uploads\/2019\/06\/logo-poledancemallorca-rosa-300x300.png 300w, https:\/\/poledancemallorca.com\/wp-content\/uploads\/2019\/06\/logo-poledancemallorca-rosa-36x36.png 36w, https:\/\/poledancemallorca.com\/wp-content\/uploads\/2019\/06\/logo-poledancemallorca-rosa-180x180.png 180w, https:\/\/poledancemallorca.com\/wp-content\/uploads\/2019\/06\/logo-poledancemallorca-rosa-120x120.png 120w\" sizes=\"(max-width: 413px) 100vw, 413px\" \/><\/div><\/div><\/div><\/p><\/div>\n<div class=\"flex_column av_one_half  flex_column_div av-zero-column-padding first  avia-builder-el-25  el_after_av_one_half  el_before_av_one_half  column-top-margin\" style='border-radius:0px; '><p><div  style='padding-bottom:10px; color:#000000;' class='av-special-heading av-special-heading-h3 custom-color-heading   avia-builder-el-26  el_before_av_textblock  avia-builder-el-first'><h3 class='av-special-heading-tag'  itemprop=\"headline\"  >REGISTRATION<\/h3><div class='special-heading-border'><div class='special-heading-inner-border' style='border-color:#000000'><\/div><\/div><\/div><br \/>\n<section class=\"av_textblock_section\"  itemscope=\"itemscope\" itemtype=\"https:\/\/schema.org\/CreativeWork\" ><div class='avia_textblock  av_inherit_color'  style='color:#000000; '  itemprop=\"text\" ><blockquote>\n<h1>A FREE TRIAL CLASS.<\/h1>\n<\/blockquote>\n<h1>La matr\u00edcula cuesta 40\u20ac.<\/h1>\n<\/div><\/section><\/p><\/div>\n<div class=\"flex_column av_one_half  flex_column_div av-zero-column-padding   avia-builder-el-28  el_after_av_one_half  el_before_av_hr  column-top-margin\" style='border-radius:0px; '><p><div  style='padding-bottom:10px; color:#000000;' class='av-special-heading av-special-heading-h3 custom-color-heading   avia-builder-el-29  el_before_av_textblock  avia-builder-el-first'><h3 class='av-special-heading-tag'  itemprop=\"headline\"  >WARNING<\/h3><div class='special-heading-border'><div class='special-heading-inner-border' style='border-color:#000000'><\/div><\/div><\/div><br \/>\n<section class=\"av_textblock_section\"  itemscope=\"itemscope\" itemtype=\"https:\/\/schema.org\/CreativeWork\" ><div class='avia_textblock  av_inherit_color'  style='color:#000000; '  itemprop=\"text\" ><p><strong>For students with a monthly subscription:<\/strong><\/p>\n<p>Las plazas de las clases son limitadas, es importante cancelar la clase en la app Mindbody con 12 horas de antelaci\u00f3n como m\u00ednimo para dar la oportunidad a otra alumna de asistir a la clase, en tal caso la alumna podr\u00e1 reservar otra clase. Si se cancela con menos de 12h de antelaci\u00f3n sin motivo justificado, la clase se pierde.<\/p>\n<\/div><\/section><\/p><\/div>\n<div  style='height:50px' class='hr hr-invisible   avia-builder-el-31  el_after_av_one_half  avia-builder-el-last'><span class='hr-inner' ><span class='hr-inner-style'><\/span><\/span><\/div>","protected":false},"excerpt":{"rendered":"","protected":false},"author":3,"featured_media":0,"parent":0,"menu_order":3,"comment_status":"closed","ping_status":"closed","template":"","meta":[],"_links":{"self":[{"href":"https:\/\/poledancemallorca.com\/en\/wp-json\/wp\/v2\/pages\/1945"}],"collection":[{"href":"https:\/\/poledancemallorca.com\/en\/wp-json\/wp\/v2\/pages"}],"about":[{"href":"https:\/\/poledancemallorca.com\/en\/wp-json\/wp\/v2\/types\/page"}],"author":[{"embeddable":true,"href":"https:\/\/poledancemallorca.com\/en\/wp-json\/wp\/v2\/users\/3"}],"replies":[{"embeddable":true,"href":"https:\/\/poledancemallorca.com\/en\/wp-json\/wp\/v2\/comments?post=1945"}],"version-history":[{"count":115,"href":"https:\/\/poledancemallorca.com\/en\/wp-json\/wp\/v2\/pages\/1945\/revisions"}],"predecessor-version":[{"id":7262,"href":"https:\/\/poledancemallorca.com\/en\/wp-json\/wp\/v2\/pages\/1945\/revisions\/7262"}],"wp:attachment":[{"href":"https:\/\/poledancemallorca.com\/en\/wp-json\/wp\/v2\/media?parent=1945"}],"curies":[{"name":"wp","href":"https:\/\/api.w.org\/{rel}","templated":true}]}}