{"id":3299,"date":"2016-09-15T13:42:22","date_gmt":"2016-09-15T12:42:22","guid":{"rendered":"http:\/\/poledancemallorca.com\/?page_id=3299"},"modified":"2026-03-09T19:50:51","modified_gmt":"2026-03-09T18:50:51","slug":"equipo-pole-dance-mallorca","status":"publish","type":"page","link":"https:\/\/poledancemallorca.com\/en\/equipo-pole-dance-mallorca\/","title":{"rendered":"EL EQUIPO"},"content":{"rendered":"<div  style='padding-bottom:10px; ' class='av-special-heading av-special-heading-h3    avia-builder-el-0  el_before_av_hr  avia-builder-el-first'><h3 class='av-special-heading-tag'  itemprop=\"headline\"  >Instructor@s<\/h3><div class='special-heading-border'><div class='special-heading-inner-border' ><\/div><\/div><\/div>\n<div  style='height:50px' class='hr hr-invisible   avia-builder-el-1  el_after_av_heading  el_before_av_one_half'><span class='hr-inner' ><span class='hr-inner-style'><\/span><\/span><\/div>\n<div class='flex_column_table av-equal-height-column-flextable -flextable' style='margin-top:10; margin-bottom:10; '><div class=\"flex_column av_one_half  flex_column_table_cell av-equal-height-column av-align-top first  avia-builder-el-2  el_after_av_hr  el_before_av_one_half\" style='padding:10px; border-radius:0px; '><p><div  style='padding-bottom:10px; ' class='av-special-heading av-special-heading-h3    avia-builder-el-3  el_before_av_textblock  avia-builder-el-first'><h3 class='av-special-heading-tag'  itemprop=\"headline\"  >MARKETA KRATOCHVILOV\u00c1 <\/h3><div class='special-heading-border'><div class='special-heading-inner-border' ><\/div><\/div><\/div><br \/>\n<section class=\"av_textblock_section\"  itemscope=\"itemscope\" itemtype=\"https:\/\/schema.org\/CreativeWork\" ><div class='avia_textblock'   itemprop=\"text\" ><h5><\/h5>\n<h5><span style=\"color: #ec048d;\">Directora y fundadora de Pole &amp; Dance Mallorca.<\/span><\/h5>\n<p>Marketa fund\u00f3 Pole &amp; Dance Mallorca en el 2010 tras 12 a\u00f1os c\u00f3mo artista en las principales salas de Rep\u00fablica Checa, Suiza, Alemania y por supuesto Mallorca. Core\u00f3grafa y poledancer reconocida a nivel nacional con su medalla de bronce en el Campeonato de Espa\u00f1a del 2011.<\/p>\n<p>Marketa trained with the best poledancer in the world: Anastasia Skukhtorova, Evgeni Greshilov, Zoraya Judd, Kristian Lebedev, Galina Musina, Michelle Shimmy, Alesia Vazmitsel, Marion Crampe, Natasha Wang, Hanka Venselaar and Phoenix Kazree among others.<\/p>\n<p>Ha sido miembro del jurado de la Pole Battle Spain y Europe, y 2 veces de la Cup Style Espa\u00f1a. As\u00ed como organizadora de la Pole Battle Spain y vice-presidenta de la Asociaci\u00f3n de Poledance de las Islas Baleares. Actualmente es jueza de la POSA World Federation siendo su \u00faltimo trabajo el juzgar la competici\u00f3n de Poledance en los CSIT World Games 2019, tambi\u00e9n es Presidenta de la Federaci\u00f3n Espa\u00f1ola de Pole Posa. En 2023 ha sido jueza en el World PoleArt de la Posa World Federation.<\/p>\n<p><span class=\"il\">Marketa<\/span> se ocupa principalmente de los niveles m\u00e1s avanzados de Pole, Exotic, Showdance y de algunas de las clases de flexibilidad. Te transportar\u00e1 al mundo del Poledance combinando amabilidad, estilo, diversi\u00f3n, arte, fuerza y elegancia!!<\/p>\n<\/div><\/section><\/p><\/div>\n<div class='av-flex-placeholder'><\/div><div class=\"flex_column av_one_half  flex_column_table_cell av-equal-height-column av-align-top   avia-builder-el-5  el_after_av_one_half  el_before_av_hr\" style='padding:10px; border-radius:0px; '><div  class='avia-image-container  av-styling-    avia-builder-el-6  avia-builder-el-no-sibling  avia-align-center'  itemprop=\"image\" itemscope=\"itemscope\" itemtype=\"https:\/\/schema.org\/ImageObject\"  ><div class='avia-image-container-inner'><div class='avia-image-overlay-wrap'><img class='wp-image-5387 avia-img-lazy-loading-not-5387 avia_image' src=\"https:\/\/poledancemallorca.com\/wp-content\/uploads\/2019\/05\/50990948_2275265442692581_1039746148534845440_n-1.jpg\" alt='' title='50990948_2275265442692581_1039746148534845440_n' height=\"780\" width=\"640\"  itemprop=\"thumbnailUrl\" srcset=\"https:\/\/poledancemallorca.com\/wp-content\/uploads\/2019\/05\/50990948_2275265442692581_1039746148534845440_n-1.jpg 640w, https:\/\/poledancemallorca.com\/wp-content\/uploads\/2019\/05\/50990948_2275265442692581_1039746148534845440_n-1-246x300.jpg 246w, https:\/\/poledancemallorca.com\/wp-content\/uploads\/2019\/05\/50990948_2275265442692581_1039746148534845440_n-1-578x705.jpg 578w, https:\/\/poledancemallorca.com\/wp-content\/uploads\/2019\/05\/50990948_2275265442692581_1039746148534845440_n-1-450x548.jpg 450w\" sizes=\"(max-width: 640px) 100vw, 640px\" \/><\/div><\/div><\/div><\/div><\/div><!--close column table wrapper. Autoclose: 1 -->\n<div   class='hr hr-short hr-center   avia-builder-el-7  el_after_av_one_half  el_before_av_one_half'><span class='hr-inner' ><span class='hr-inner-style'><\/span><\/span><\/div>\n<div class='flex_column_table av-equal-height-column-flextable -flextable' style='margin-top:10; margin-bottom:10; '><div class=\"flex_column av_one_half  flex_column_table_cell av-equal-height-column av-align-top first  avia-builder-el-8  el_after_av_hr  el_before_av_one_half\" style='padding:10px; border-radius:0px; '><p><div  style='padding-bottom:10px; ' class='av-special-heading av-special-heading-h3    avia-builder-el-9  el_before_av_textblock  avia-builder-el-first'><h3 class='av-special-heading-tag'  itemprop=\"headline\"  >COCA<\/h3><div class='special-heading-border'><div class='special-heading-inner-border' ><\/div><\/div><\/div><br \/>\n<section class=\"av_textblock_section\"  itemscope=\"itemscope\" itemtype=\"https:\/\/schema.org\/CreativeWork\" ><div class='avia_textblock'   itemprop=\"text\" ><p><span style=\"color: #000000;\"><strong>Instructora de Pole y Poleart<\/strong><\/span><\/p>\n<p>Antigua alumna de la academia, que tras a\u00f1os de pasi\u00f3n por el deporte se convierte en instructora para ahora poder transmitir lo que tanto le gusta.<\/p>\n<p>Amante de cualquier disciplina de danza, y por ello crea PoleArt para poder combinar diferentes danzas con el pole dance. Elegante, profesional, creativa, entusiasta y le encantan los retos, \u00a1por lo que disfruta participar en competiciones de Pole Dance!<\/p>\n<p>-PoleArnold 2022 Amateur<\/p>\n<p>-PoleSpain 2023 Amateur: 3\u00ba puesto<\/p>\n<p>Le encanta ense\u00f1ar y ver los progresos de sus alumnas, y sobre todo pasar un buen rato con ellas en clase! Su obsesi\u00f3n: las puntitasss!!!<\/p>\n<\/div><\/section><\/p><\/div>\n<div class='av-flex-placeholder'><\/div><div class=\"flex_column av_one_half  flex_column_table_cell av-equal-height-column av-align-top   avia-builder-el-11  el_after_av_one_half  el_before_av_hr\" style='padding:10px; border-radius:0px; '><div  class='avia-image-container  av-styling-    avia-builder-el-12  avia-builder-el-no-sibling  avia-align-center'  itemprop=\"image\" itemscope=\"itemscope\" itemtype=\"https:\/\/schema.org\/ImageObject\"  ><div class='avia-image-container-inner'><div class='avia-image-overlay-wrap'><img class='wp-image-6865 avia-img-lazy-loading-not-6865 avia_image' src=\"https:\/\/poledancemallorca.com\/wp-content\/uploads\/2023\/10\/Coca-scaled.jpg\" alt='' title='Coca' height=\"1707\" width=\"2560\"  itemprop=\"thumbnailUrl\" srcset=\"https:\/\/poledancemallorca.com\/wp-content\/uploads\/2023\/10\/Coca-scaled.jpg 2560w, https:\/\/poledancemallorca.com\/wp-content\/uploads\/2023\/10\/Coca-300x200.jpg 300w, https:\/\/poledancemallorca.com\/wp-content\/uploads\/2023\/10\/Coca-1030x687.jpg 1030w, https:\/\/poledancemallorca.com\/wp-content\/uploads\/2023\/10\/Coca-768x512.jpg 768w, https:\/\/poledancemallorca.com\/wp-content\/uploads\/2023\/10\/Coca-1536x1024.jpg 1536w, https:\/\/poledancemallorca.com\/wp-content\/uploads\/2023\/10\/Coca-2048x1365.jpg 2048w, https:\/\/poledancemallorca.com\/wp-content\/uploads\/2023\/10\/Coca-16x12.jpg 16w, https:\/\/poledancemallorca.com\/wp-content\/uploads\/2023\/10\/Coca-1500x1000.jpg 1500w, https:\/\/poledancemallorca.com\/wp-content\/uploads\/2023\/10\/Coca-705x470.jpg 705w\" sizes=\"(max-width: 2560px) 100vw, 2560px\" \/><\/div><\/div><\/div><\/div><\/div><!--close column table wrapper. Autoclose: 1 -->\n<div   class='hr hr-short hr-center   avia-builder-el-13  el_after_av_one_half  el_before_av_one_half'><span class='hr-inner' ><span class='hr-inner-style'><\/span><\/span><\/div>\n<div class='flex_column_table av-equal-height-column-flextable -flextable' style='margin-top:10; margin-bottom:10; '><div class=\"flex_column av_one_half  flex_column_table_cell av-equal-height-column av-align-top first  avia-builder-el-14  el_after_av_hr  el_before_av_one_half\" style='padding:10px; border-radius:0px; '><p><div  style='padding-bottom:10px; ' class='av-special-heading av-special-heading-h3    avia-builder-el-15  el_before_av_textblock  avia-builder-el-first'><h3 class='av-special-heading-tag'  itemprop=\"headline\"  >\u00c1NGELA<\/h3><div class='special-heading-border'><div class='special-heading-inner-border' ><\/div><\/div><\/div><br \/>\n<section class=\"av_textblock_section\"  itemscope=\"itemscope\" itemtype=\"https:\/\/schema.org\/CreativeWork\" ><div class='avia_textblock'   itemprop=\"text\" ><p><strong>Instructora de Pole, Exotic y Fitness<\/strong><\/p>\n<p>Animalista de nacimiento y deportista desde los 3 a\u00f1os, ha hecho de sus dos pasiones su forma de vida, eligiendo el pole dance como deporte definitivo.<\/p>\n<p>En\u00e9rgica, decidida, paciente y profesional, siempre buscando mejorar y aprender, para poder seguir ense\u00f1ando conceptos nuevos que ayuden a sus alumn@s a mejorar y a lograr sus resultados.<\/p>\n<p>Su lema: \u00a1El esfuerzo viene siempre con recompensa!<\/p>\n<div><\/div>\n<\/div><\/section><\/p><\/div>\n<div class='av-flex-placeholder'><\/div><div class=\"flex_column av_one_half  flex_column_table_cell av-equal-height-column av-align-top   avia-builder-el-17  el_after_av_one_half  el_before_av_hr\" style='padding:10px; border-radius:0px; '><div  class='avia-image-container  av-styling-    avia-builder-el-18  avia-builder-el-no-sibling  avia-align-center'  itemprop=\"image\" itemscope=\"itemscope\" itemtype=\"https:\/\/schema.org\/ImageObject\"  ><div class='avia-image-container-inner'><div class='avia-image-overlay-wrap'><img class='wp-image-6867 avia-img-lazy-loading-not-6867 avia_image' src=\"https:\/\/poledancemallorca.com\/wp-content\/uploads\/2023\/10\/Angela.jpg\" alt='' title='\u00c1ngela' height=\"1500\" width=\"1000\"  itemprop=\"thumbnailUrl\" srcset=\"https:\/\/poledancemallorca.com\/wp-content\/uploads\/2023\/10\/Angela.jpg 1000w, https:\/\/poledancemallorca.com\/wp-content\/uploads\/2023\/10\/Angela-200x300.jpg 200w, https:\/\/poledancemallorca.com\/wp-content\/uploads\/2023\/10\/Angela-687x1030.jpg 687w, https:\/\/poledancemallorca.com\/wp-content\/uploads\/2023\/10\/Angela-768x1152.jpg 768w, https:\/\/poledancemallorca.com\/wp-content\/uploads\/2023\/10\/Angela-8x12.jpg 8w, https:\/\/poledancemallorca.com\/wp-content\/uploads\/2023\/10\/Angela-470x705.jpg 470w\" sizes=\"(max-width: 1000px) 100vw, 1000px\" \/><\/div><\/div><\/div><\/div><\/div><!--close column table wrapper. Autoclose: 1 -->\n<div   class='hr hr-short hr-center   avia-builder-el-19  el_after_av_one_half  el_before_av_one_half'><span class='hr-inner' ><span class='hr-inner-style'><\/span><\/span><\/div>\n<div class='flex_column_table av-equal-height-column-flextable -flextable' style='margin-top:10; margin-bottom:10; '><div class=\"flex_column av_one_half  flex_column_table_cell av-equal-height-column av-align-top first  avia-builder-el-20  el_after_av_hr  el_before_av_one_half\" style='padding:10px; border-radius:0px; '><p><div  style='padding-bottom:10px; ' class='av-special-heading av-special-heading-h3    avia-builder-el-21  el_before_av_textblock  avia-builder-el-first'><h3 class='av-special-heading-tag'  itemprop=\"headline\"  >ESTEFAN\u00cdA<\/h3><div class='special-heading-border'><div class='special-heading-inner-border' ><\/div><\/div><\/div><br \/>\n<section class=\"av_textblock_section\"  itemscope=\"itemscope\" itemtype=\"https:\/\/schema.org\/CreativeWork\" ><div class='avia_textblock'   itemprop=\"text\" ><p><strong>Instructora de Pole y Flexibilidad<\/strong><\/p>\n<p>Instructora especializada en pole l\u00edrico y barra est\u00e1tica, con 14 a\u00f1os dedicados al entrenamiento y ense\u00f1anza de este arte.<\/p>\n<p>Nacida en Venezuela y residente en Espa\u00f1a desde hace 7 a\u00f1os, he construido un estilo que combina t\u00e9cnica, sensibilidad y una profunda conexi\u00f3n con el movimiento. Mi enfoque integra musicalidad, fluidez y control corporal para ofrecer un espacio seguro e inspirador, donde cada alumno puede desarrollar su expresi\u00f3n personal y su propio lenguaje en el pole.<\/p>\n<p>Estar\u00e9 encantada de guiarte en mis clases y formar parte de tu crecimiento en este arte!<\/p>\n<div><\/div>\n<\/div><\/section><\/p><\/div>\n<div class='av-flex-placeholder'><\/div><div class=\"flex_column av_one_half  flex_column_table_cell av-equal-height-column av-align-top   avia-builder-el-23  el_after_av_one_half  el_before_av_hr\" style='padding:10px; border-radius:0px; '><div  class='avia-image-container  av-styling-    avia-builder-el-24  avia-builder-el-no-sibling  avia-align-center'  itemprop=\"image\" itemscope=\"itemscope\" itemtype=\"https:\/\/schema.org\/ImageObject\"  ><div class='avia-image-container-inner'><div class='avia-image-overlay-wrap'><img class='wp-image-7238 avia-img-lazy-loading-not-7238 avia_image' src=\"https:\/\/poledancemallorca.com\/wp-content\/uploads\/2025\/11\/d61b48b2-b1ed-431b-b428-f5e2f7be1fb3-scaled.jpg\" alt='' title='' height=\"1440\" width=\"2560\"  itemprop=\"thumbnailUrl\" srcset=\"https:\/\/poledancemallorca.com\/wp-content\/uploads\/2025\/11\/d61b48b2-b1ed-431b-b428-f5e2f7be1fb3-scaled.jpg 2560w, https:\/\/poledancemallorca.com\/wp-content\/uploads\/2025\/11\/d61b48b2-b1ed-431b-b428-f5e2f7be1fb3-300x169.jpg 300w, https:\/\/poledancemallorca.com\/wp-content\/uploads\/2025\/11\/d61b48b2-b1ed-431b-b428-f5e2f7be1fb3-1030x579.jpg 1030w, https:\/\/poledancemallorca.com\/wp-content\/uploads\/2025\/11\/d61b48b2-b1ed-431b-b428-f5e2f7be1fb3-768x432.jpg 768w, https:\/\/poledancemallorca.com\/wp-content\/uploads\/2025\/11\/d61b48b2-b1ed-431b-b428-f5e2f7be1fb3-1536x864.jpg 1536w, https:\/\/poledancemallorca.com\/wp-content\/uploads\/2025\/11\/d61b48b2-b1ed-431b-b428-f5e2f7be1fb3-2048x1152.jpg 2048w, https:\/\/poledancemallorca.com\/wp-content\/uploads\/2025\/11\/d61b48b2-b1ed-431b-b428-f5e2f7be1fb3-16x9.jpg 16w, https:\/\/poledancemallorca.com\/wp-content\/uploads\/2025\/11\/d61b48b2-b1ed-431b-b428-f5e2f7be1fb3-1500x844.jpg 1500w, https:\/\/poledancemallorca.com\/wp-content\/uploads\/2025\/11\/d61b48b2-b1ed-431b-b428-f5e2f7be1fb3-705x397.jpg 705w\" sizes=\"(max-width: 2560px) 100vw, 2560px\" \/><\/div><\/div><\/div><\/div><\/div><!--close column table wrapper. Autoclose: 1 -->\n<div   class='hr hr-short hr-center   avia-builder-el-25  el_after_av_one_half  el_before_av_one_half'><span class='hr-inner' ><span class='hr-inner-style'><\/span><\/span><\/div>\n<div class='flex_column_table av-equal-height-column-flextable -flextable' style='margin-top:10; margin-bottom:10; '><div class=\"flex_column av_one_half  flex_column_table_cell av-equal-height-column av-align-top first  avia-builder-el-26  el_after_av_hr  el_before_av_one_half\" style='padding:10px; border-radius:0px; '><p><div  style='padding-bottom:10px; ' class='av-special-heading av-special-heading-h3    avia-builder-el-27  el_before_av_textblock  avia-builder-el-first'><h3 class='av-special-heading-tag'  itemprop=\"headline\"  >RHUNA<\/h3><div class='special-heading-border'><div class='special-heading-inner-border' ><\/div><\/div><\/div><br \/>\n<section class=\"av_textblock_section\"  itemscope=\"itemscope\" itemtype=\"https:\/\/schema.org\/CreativeWork\" ><div class='avia_textblock'   itemprop=\"text\" ><p><strong>Instructora de Exotic y Pole Dance<\/strong><\/p>\n<p data-start=\"16\" data-end=\"175\">Con formaci\u00f3n en danza cl\u00e1sica (m\u00e9todo Royal), Rhuna es instructora certificada de <strong data-start=\"99\" data-end=\"114\">Pole Exotic<\/strong> con m\u00e1s de nueve a\u00f1os de experiencia en el mundo del pole.<\/p>\n<p data-start=\"177\" data-end=\"401\">Ganadora de competiciones nacionales e internacionales en <strong data-start=\"235\" data-end=\"268\">Pole Sport (categor\u00eda Double)<\/strong> and <strong data-start=\"271\" data-end=\"281\">Exotic<\/strong>, destaca por combinar t\u00e9cnica, fuerza y una gran expresi\u00f3n art\u00edstica, creando un estilo propio, elegante y aut\u00e9ntico.<\/p>\n<p data-start=\"403\" data-end=\"636\">Adem\u00e1s, es una de las organizadoras de la primera edici\u00f3n de la prestigiosa competici\u00f3n internacional <strong data-start=\"505\" data-end=\"535\">Exotic Generation Mallorca<\/strong>, un evento que celebra la belleza, la creatividad y la diversidad del Exotic Pole a nivel mundial.<\/p>\n<div><\/div>\n<\/div><\/section><\/p><\/div><div class='av-flex-placeholder'><\/div><div class=\"flex_column av_one_half  flex_column_table_cell av-equal-height-column av-align-top   avia-builder-el-29  el_after_av_one_half  avia-builder-el-last\" style='padding:10px; border-radius:0px; '><div  class='avia-image-container  av-styling-    avia-builder-el-30  avia-builder-el-no-sibling  avia-align-center'  itemprop=\"image\" itemscope=\"itemscope\" itemtype=\"https:\/\/schema.org\/ImageObject\"  ><div class='avia-image-container-inner'><div class='avia-image-overlay-wrap'><img class='wp-image-7281 avia-img-lazy-loading-not-7281 avia_image' src=\"https:\/\/poledancemallorca.com\/wp-content\/uploads\/2026\/03\/c64d6493-52a6-4646-9795-f90c3ca8e9a3.jpg\" alt='' title='' height=\"1066\" width=\"1600\"  itemprop=\"thumbnailUrl\" srcset=\"https:\/\/poledancemallorca.com\/wp-content\/uploads\/2026\/03\/c64d6493-52a6-4646-9795-f90c3ca8e9a3.jpg 1600w, https:\/\/poledancemallorca.com\/wp-content\/uploads\/2026\/03\/c64d6493-52a6-4646-9795-f90c3ca8e9a3-300x200.jpg 300w, https:\/\/poledancemallorca.com\/wp-content\/uploads\/2026\/03\/c64d6493-52a6-4646-9795-f90c3ca8e9a3-1030x686.jpg 1030w, https:\/\/poledancemallorca.com\/wp-content\/uploads\/2026\/03\/c64d6493-52a6-4646-9795-f90c3ca8e9a3-768x512.jpg 768w, https:\/\/poledancemallorca.com\/wp-content\/uploads\/2026\/03\/c64d6493-52a6-4646-9795-f90c3ca8e9a3-1536x1023.jpg 1536w, https:\/\/poledancemallorca.com\/wp-content\/uploads\/2026\/03\/c64d6493-52a6-4646-9795-f90c3ca8e9a3-16x12.jpg 16w, https:\/\/poledancemallorca.com\/wp-content\/uploads\/2026\/03\/c64d6493-52a6-4646-9795-f90c3ca8e9a3-1500x999.jpg 1500w, https:\/\/poledancemallorca.com\/wp-content\/uploads\/2026\/03\/c64d6493-52a6-4646-9795-f90c3ca8e9a3-705x470.jpg 705w\" sizes=\"(max-width: 1600px) 100vw, 1600px\" \/><\/div><\/div><\/div><\/div><\/div><!--close column table wrapper. Autoclose: 1 --><\/p>","protected":false},"excerpt":{"rendered":"<p>MARKETA KRATOCHVILOV\u00c1 &#8211; Directora y fundadora de Pole &#038; Dance Mallorca.<\/p>","protected":false},"author":3,"featured_media":0,"parent":0,"menu_order":0,"comment_status":"closed","ping_status":"closed","template":"","meta":[],"_links":{"self":[{"href":"https:\/\/poledancemallorca.com\/en\/wp-json\/wp\/v2\/pages\/3299"}],"collection":[{"href":"https:\/\/poledancemallorca.com\/en\/wp-json\/wp\/v2\/pages"}],"about":[{"href":"https:\/\/poledancemallorca.com\/en\/wp-json\/wp\/v2\/types\/page"}],"author":[{"embeddable":true,"href":"https:\/\/poledancemallorca.com\/en\/wp-json\/wp\/v2\/users\/3"}],"replies":[{"embeddable":true,"href":"https:\/\/poledancemallorca.com\/en\/wp-json\/wp\/v2\/comments?post=3299"}],"version-history":[{"count":107,"href":"https:\/\/poledancemallorca.com\/en\/wp-json\/wp\/v2\/pages\/3299\/revisions"}],"predecessor-version":[{"id":6829,"href":"https:\/\/poledancemallorca.com\/en\/wp-json\/wp\/v2\/pages\/3299\/revisions\/6829"}],"wp:attachment":[{"href":"https:\/\/poledancemallorca.com\/en\/wp-json\/wp\/v2\/media?parent=3299"}],"curies":[{"name":"wp","href":"https:\/\/api.w.org\/{rel}","templated":true}]}}