{"id":4258,"date":"2016-07-03T18:51:16","date_gmt":"2016-07-03T17:51:16","guid":{"rendered":"http:\/\/poledancemallorca.com\/?page_id=4258"},"modified":"2023-11-04T11:36:14","modified_gmt":"2023-11-04T10:36:14","slug":"aviso-legal","status":"publish","type":"page","link":"https:\/\/poledancemallorca.com\/en\/aviso-legal\/","title":{"rendered":"AVISO LEGAL"},"content":{"rendered":"<p>El presente aviso e informaci\u00f3n legales (en adelante, el \u00abAviso Legal\u00bb) regula el uso del servicio de la web poledancemallorca.com (en adelante, la web).<\/p>\n<p>Para dar cumplimiento con lo establecido en la Ley 34\/2002, de 11 de julio, de servicios de la sociedad de la informaci\u00f3n y de comercio electr\u00f3nico, a continuaci\u00f3n se indican los datos de informaci\u00f3n general de este sitio web:<\/p>\n<p><strong>Datos de empresa<\/strong><\/p>\n<ul>\n<li><strong>Titular:\u00a0Showpole S.L.<\/strong><\/li>\n<li><strong>CIF: B7830960<\/strong><\/li>\n<li><strong>Direcci\u00f3n: C\/ Cala Llombards 10 &#8211; 07009 &#8211; Palma de Mallorca<\/strong><\/li>\n<li><strong>Email de Contacto: contacto@poledancemallorca.com<\/strong><\/li>\n<li><strong>Tel\u00e9fono de contacto: \u00a0\u00a0+34 871 711 262<\/strong><\/li>\n<li><strong>Datos Registrales:\u00a0Registro Mercantil de Palma de Mallorca, Hoja n\u00ba 72742 Folio 122 Tomo 2552<\/strong><\/li>\n<\/ul>\n<p><strong>T\u00e9rminos<\/strong><strong> and<\/strong><strong> condiciones<\/strong><\/p>\n<p>El acceso a y\/o uso a la web atribuye a quien lo realiza la condici\u00f3n de usuario, aceptando, desde ese mismo momento, plenamente y sin reservas alguna, las presentes Condiciones Generales as\u00ed como las Condiciones Particulares que, en su caso, complementen, modifiquen o sustituyan las Condiciones Generales en relaci\u00f3n con determinados servicios y contenidos.<\/p>\n<p>Se informa que podr\u00e1 modificarse en cualquier momento y sin previo aviso, este sitio, las condiciones de uso, as\u00ed como algunos o todos los servicios prestados.<\/p>\n<p>Todas las marcas, nombres comerciales o signos distintivos de cualquier clase que aparecen son propiedad de la empresa o de terceros, sin que pueda entenderse que el uso o acceso a la web y\/o a los Servicios atribuya al Usuario derecho alguno sobre las citadas marcas, nombres comerciales y\/o signos distintivos.<\/p>\n<p>Los precios publicados son en euros.<\/p>\n<p><strong>Pol\u00edtica de devoluciones<\/strong><\/p>\n<ul>\n<li>El pago de todas las clases debe ser recibido antes de la fecha de inicio de las clases para asegurar su plaza.<\/li>\n<li>Las cancelaciones realizadas dentro de los 14 d\u00edas anteriores no ser\u00e1n devueltas.<\/li>\n<li>Las cancelaciones realizadas antes de 14 d\u00edas recibir\u00e1n un cr\u00e9dito para una clase futura basada en la disponibilidad y costo similar.<\/li>\n<\/ul>\n<p><strong>Env\u00edos<\/strong><\/p>\n<p>Los productos adquiridos, podr\u00e1n ser devueltos antes de 14 d\u00edas.<\/p>\n<p>Las devoluciones son v\u00e1lidas para los productos que no han sido abiertos, utilizados o da\u00f1ados .<\/p>\n<p>Los \u00a0productos que son defectuosos o da\u00f1ados a su llegada pueden ser devueltos inmediatamente para el intercambio .<\/p>\n<p>Algunos productos pueden necesitar ser enviado directamente al fabricante . Esto se se\u00f1ala en el envase del producto o en el manual de instrucciones. En caso de estar seguro si este es el caso , por favor, p\u00f3ngase en contacto con nosotros usando la informaci\u00f3n en la parte inferior de esta p\u00e1gina<\/p>\n<p>Los clientes son responsables de todos los gastos de env\u00edo de cambios o devoluciones .<\/p>\n<p><strong>Pol\u00edtica de privacidad<\/strong><\/p>\n<p>La empresa puede recabar datos personales e informaci\u00f3n de los Usuarios para su almacenamiento y\/o utilizaci\u00f3n en relaci\u00f3n con dicho Usuario. Los datos facilitados por los Usuarios se incorporar\u00e1n a los ficheros \u00a0titularidad de la empresa, En cada uno de los formularios en los que se recaben datos de car\u00e1cter personal, el Usuario recibir\u00e1 informaci\u00f3n detallada sobre el tratamiento, su finalidad, el uso de sus datos, el car\u00e1cter obligatorio o facultativo de sus respuestas, las consecuencias de la negativa a proporcionarlos y, en general, de todas las menciones requeridas por la legislaci\u00f3n aplicable en materia de protecci\u00f3n de datos de car\u00e1cter personal.<\/p>\n<p>La empresa garantiza la confidencialidad de los datos facilitados. Asimismo, se compromete al cumplimiento de las obligaciones establecidas en el Reglamento de Desarrollo seg\u00fan Real Decreto 1720\/2007, de 21 de diciembre, vinculado a la Ley Org\u00e1nica 15\/99 de 13 de diciembre de Protecci\u00f3n de Datos, adoptando para ello las medidas t\u00e9cnicas y organizativas necesarias.<\/p>\n<p>Los datos comunicados podr\u00e1n ser cedidos a las entidades bancarias por motivos de pago.<\/p>\n<p>Los campos marcados ser\u00e1n obligatorios para la finalidad establecida.<\/p>\n<p>El Usuario podr\u00e1, en cualquier momento, ejercitar su derecho de acceso, rectificaci\u00f3n, cancelaci\u00f3n u oposici\u00f3n al tratamiento de sus datos personales, mediante comunicaci\u00f3n remitida a la empresa en la direcci\u00f3n anteriormente indicada.<\/p>\n<p><strong>Cookies<\/strong><\/p>\n<p>Una cookie es un peque\u00f1o fragmento de texto que los sitios web que visita env\u00edan al navegador y que permite que el sitio web recuerde informaci\u00f3n sobre su visita, idioma preferido y otras opciones, lo que puede facilitar su pr\u00f3xima visita y hacer que el sitio le resulte m\u00e1s \u00fatil. Las cookies desempe\u00f1an un papel muy importante y contribuyen a tener una mejor experiencia de usuario.<\/p>\n<p>En caso de continuar navegando, el usuario acepta su uso. El usuario puede revocar\u00a0 en cualquier momento el consentimiento, mediante la eliminaci\u00f3n en su ordenador y modificando los par\u00e1metros en su programa navegador.<\/p>\n<p>Cookies de an\u00e1lisis estad\u00edstico:<\/p>\n<p>Son aqu\u00e9llas que nos permiten cuantificar el n\u00famero de visitantes y analizar estad\u00edsticamente la utilizaci\u00f3n que hacen los usuarios de nuestros servicios. Gracias a ello podemos estudiar la navegaci\u00f3n por el sitio Web, y mejorar as\u00ed la oferta de productos o servicios que te ofrecemos.<\/p>\n<p>Estas cookies son proporcionadas por Google Analytics. Para m\u00e1s informaci\u00f3n, vaya al sitio web de\u00a0<u><a href=\"https:\/\/developers.google.com\/analytics\/devguides\/collection\/analyticsjs\/cookie-usage\">Google Analytics<\/a>.<\/u><\/p>\n<p><strong>Exclusi\u00f3n de garant\u00edas y responsabilidad<\/strong><\/p>\n<p>La empresa no se hace responsable, en ning\u00fan caso, de los da\u00f1os y perjuicios de cualquier naturaleza que pudieran traer causa de:<\/p>\n<ul>\n<li>De los perjuicios, de cualquier \u00edndole, que pudieran ocasionarse a los usuarios por la utilizaci\u00f3n de otros navegadores o versiones distintas de los navegadores para los que ha sido dise\u00f1ada la Web.<\/li>\n<li>La falta disponibilidad, mantenimiento y efectivo funcionamiento de la web y de sus servicios o contenidos.<\/li>\n<li>La existencia de virus, programas maliciosos o lesivos en los contenidos y \u00a0servicios prestados a trav\u00e9s de la web que puedan producir alteraciones en su sistema inform\u00e1tico (software y hardware) o en los documentos electr\u00f3nicos y ficheros almacenados por el usuario.<\/li>\n<li>El uso il\u00edcito, negligente, fraudulento, contrario a las presentes Condiciones Generales, a la buena fe, a los usos generalmente aceptados o al orden p\u00fablico, de la web, sus servicios o contenidos, por parte de los usuarios.<\/li>\n<li>La falta de licitud, calidad, fiabilidad, utilidad, actualizaci\u00f3n y disponibilidad de los servicios prestados por terceros y puestos a disposici\u00f3n de los usuarios.<\/li>\n<\/ul>\n<p><strong>Fuero<\/strong><\/p>\n<p>Las presentes Condiciones Generales se regir\u00e1n por la legislaci\u00f3n espa\u00f1ola.<\/p>\n<p>La empresa y el usuario, se someten a la Jurisdicci\u00f3n de los Juzgados y Tribunales de Palma de Mallorca, con renuncia expresa a cualquier otro fuero que pudiera corresponderles.<\/p>","protected":false},"excerpt":{"rendered":"<p>El presente aviso e informaci\u00f3n legales (en adelante, el \u00abAviso Legal\u00bb) regula el uso del servicio de la web poledancemallorca.com (en adelante, la web). Para dar cumplimiento con lo establecido en la Ley 34\/2002, de 11 de julio, de servicios de la sociedad de la informaci\u00f3n y de comercio electr\u00f3nico, a continuaci\u00f3n se indican los [&hellip;]<\/p>","protected":false},"author":3,"featured_media":0,"parent":0,"menu_order":0,"comment_status":"closed","ping_status":"closed","template":"","meta":[],"_links":{"self":[{"href":"https:\/\/poledancemallorca.com\/en\/wp-json\/wp\/v2\/pages\/4258"}],"collection":[{"href":"https:\/\/poledancemallorca.com\/en\/wp-json\/wp\/v2\/pages"}],"about":[{"href":"https:\/\/poledancemallorca.com\/en\/wp-json\/wp\/v2\/types\/page"}],"author":[{"embeddable":true,"href":"https:\/\/poledancemallorca.com\/en\/wp-json\/wp\/v2\/users\/3"}],"replies":[{"embeddable":true,"href":"https:\/\/poledancemallorca.com\/en\/wp-json\/wp\/v2\/comments?post=4258"}],"version-history":[{"count":12,"href":"https:\/\/poledancemallorca.com\/en\/wp-json\/wp\/v2\/pages\/4258\/revisions"}],"predecessor-version":[{"id":6900,"href":"https:\/\/poledancemallorca.com\/en\/wp-json\/wp\/v2\/pages\/4258\/revisions\/6900"}],"wp:attachment":[{"href":"https:\/\/poledancemallorca.com\/en\/wp-json\/wp\/v2\/media?parent=4258"}],"curies":[{"name":"wp","href":"https:\/\/api.w.org\/{rel}","templated":true}]}}