{"id":4781,"date":"2018-02-02T12:45:24","date_gmt":"2018-02-02T11:45:24","guid":{"rendered":"http:\/\/poledancemallorca.com\/?page_id=4781"},"modified":"2023-11-28T19:08:56","modified_gmt":"2023-11-28T18:08:56","slug":"party-poledance-mallorca","status":"publish","type":"page","link":"https:\/\/poledancemallorca.com\/en\/party-poledance-mallorca\/","title":{"rendered":"PARTY"},"content":{"rendered":"<div  style='padding-bottom:10px; ' class='av-special-heading av-special-heading-h3    avia-builder-el-0  el_before_av_one_half  avia-builder-el-first'><h3 class='av-special-heading-tag'  itemprop=\"headline\"  >POLE PARTY<\/h3><div class='special-heading-border'><div class='special-heading-inner-border' ><\/div><\/div><\/div>\n<div class=\"flex_column av_one_half  flex_column_div av-zero-column-padding first  avia-builder-el-1  el_after_av_heading  el_before_av_one_half\" style='border-radius:0px; '><section class=\"av_textblock_section\"  itemscope=\"itemscope\" itemtype=\"https:\/\/schema.org\/CreativeWork\" ><div class='avia_textblock'   itemprop=\"text\" ><h1>REUNITE YOUR FRIENDS WITH A FUN POLE PARTY.<\/h1>\n<h4>The Pole Party is a different activity, very fun and focused on WOMEN.<\/h4>\n<blockquote>\n<p>Consists of a group class of 60 minutes of initiation to the\u00a0<b><i>POLE DANCE o EXOTIC, <\/i><\/b>los bailes de moda en barra.<\/p>\n<\/blockquote>\n<p><strong>Includes:<\/strong><\/p>\n<ul>\n<li><strong>Class of 60 minutes.<\/strong><\/li>\n<li><strong>Funny picture.<\/strong><\/li>\n<li><strong>Different accessories.<\/strong><\/li>\n<li><strong>A drink with snacks.<\/strong><\/li>\n<\/ul>\n<blockquote>\n<p><em><strong>Precio: Desde 25 euros por persona.<\/strong><\/em><\/p>\n<h2><span style=\"color: #000000;\"><strong>5 a 10 personas: 40\u20ac pp<\/strong><\/span><\/h2>\n<h2><span style=\"color: #000000;\"><strong>11 a 20 personas: 30\u20ac pp<\/strong><\/span><\/h2>\n<h2><span style=\"color: #000000;\"><strong>+ de 21 personas: 25\u20ac pp<\/strong><\/span><\/h2>\n<\/blockquote>\n<p>La Pole Party puede ser un buen punto de partida para una despedida de soltera o una tarde diferente de risas y diversi\u00f3n entre amigas. Los ejercicios de Pole Dance\/Ex\u00f3tic se combinan con coreograf\u00edas sexys, sencillas y tem\u00e1ticas. La fiesta tiene lugar en una sala privada de la academia Pole &amp; Dance Mallorca.<\/p>\n<\/div><\/section><br \/>\n<div  class='avia-button-wrap avia-button-center  avia-builder-el-3  el_after_av_textblock  avia-builder-el-last' ><a href='https:\/\/poledancemallorca.com\/en\/contacto\/'  class='avia-button  avia-color-theme-color   avia-icon_select-yes-left-icon avia-size-medium avia-position-center'   ><span class='avia_button_icon avia_button_icon_left' aria-hidden='true' data-av_icon='\ue800' data-av_iconfont='entypo-fontello'><\/span><span class='avia_iconbox_title' >SIGN UP HERE!<\/span><\/a><\/div><\/p><\/div>\n<div class=\"flex_column av_one_half  flex_column_div av-zero-column-padding   avia-builder-el-4  el_after_av_one_half  el_before_av_heading\" style='border-radius:0px; '><div  class='avia-image-container  av-styling-    avia-builder-el-5  avia-builder-el-no-sibling  avia-align-center'  itemprop=\"image\" itemscope=\"itemscope\" itemtype=\"https:\/\/schema.org\/ImageObject\"  ><div class='avia-image-container-inner'><div class='avia-image-overlay-wrap'><img class='wp-image-7012 avia-img-lazy-loading-not-7012 avia_image' src=\"https:\/\/poledancemallorca.com\/wp-content\/uploads\/2023\/11\/pole-party-web-poledance-mallorca-728x1030-1.jpg\" alt='' title='pole-party-web-poledance-mallorca-728x1030' height=\"1030\" width=\"728\"  itemprop=\"thumbnailUrl\" srcset=\"https:\/\/poledancemallorca.com\/wp-content\/uploads\/2023\/11\/pole-party-web-poledance-mallorca-728x1030-1.jpg 728w, https:\/\/poledancemallorca.com\/wp-content\/uploads\/2023\/11\/pole-party-web-poledance-mallorca-728x1030-1-212x300.jpg 212w, https:\/\/poledancemallorca.com\/wp-content\/uploads\/2023\/11\/pole-party-web-poledance-mallorca-728x1030-1-8x12.jpg 8w, https:\/\/poledancemallorca.com\/wp-content\/uploads\/2023\/11\/pole-party-web-poledance-mallorca-728x1030-1-498x705.jpg 498w\" sizes=\"(max-width: 728px) 100vw, 728px\" \/><\/div><\/div><\/div><\/div><div  style='padding-bottom:10px; ' class='av-special-heading av-special-heading-h3    avia-builder-el-6  el_after_av_one_half  el_before_av_one_half'><h3 class='av-special-heading-tag'  itemprop=\"headline\"  >DANCE PARTY<\/h3><div class='special-heading-border'><div class='special-heading-inner-border' ><\/div><\/div><\/div><\/p>\n<div class=\"flex_column av_one_half  flex_column_div av-zero-column-padding first  avia-builder-el-7  el_after_av_heading  el_before_av_one_half\" style='border-radius:0px; '><section class=\"av_textblock_section\"  itemscope=\"itemscope\" itemtype=\"https:\/\/schema.org\/CreativeWork\" ><div class='avia_textblock'   itemprop=\"text\" ><h1>REUNITE YOUR FRIENDS WITH A FUN DANCE PARTY.<\/h1>\n<h4>The Dance Party is a different activity, very funny and focused on WOMEN.<\/h4>\n<blockquote>\n<p>Consists of a group class of 60 minutes of initiation to the\u00a0<b><i>TWERK, BAILE CONTEMPOR\u00c1NEO, SEXI CHAIR Y SHOW DANCE.<\/i><\/b><\/p>\n<\/blockquote>\n<p><strong>Includes:<\/strong><\/p>\n<ul>\n<li><strong>Class of 60 minutes.<\/strong><\/li>\n<li><strong>Funny picture.<\/strong><\/li>\n<li><strong>Different accessories.<\/strong><\/li>\n<li><strong>A drink with snacks.<\/strong><\/li>\n<\/ul>\n<blockquote>\n<p><em><strong>Precio: Desde 25 euros por persona.<\/strong><\/em><\/p>\n<h2><span style=\"color: #000000;\"><strong>5 a 10 personas: 40\u20ac pp<\/strong><\/span><\/h2>\n<h2><span style=\"color: #000000;\"><strong>11 a 20 personas: 30\u20ac pp<\/strong><\/span><\/h2>\n<h2><span style=\"color: #000000;\"><strong>+ de 21 personas: 25\u20ac pp<\/strong><\/span><\/h2>\n<\/blockquote>\n<p>The Dance Party can be a good starting point for a bachelorette party or a different afternoon of laughter and fun among friends.<\/p>\n<\/div><\/section><br \/>\n<div  class='avia-button-wrap avia-button-center  avia-builder-el-9  el_after_av_textblock  avia-builder-el-last' ><a href='https:\/\/poledancemallorca.com\/en\/contacto\/'  class='avia-button  avia-color-theme-color   avia-icon_select-yes-left-icon avia-size-medium avia-position-center'   ><span class='avia_button_icon avia_button_icon_left' aria-hidden='true' data-av_icon='\ue800' data-av_iconfont='entypo-fontello'><\/span><span class='avia_iconbox_title' >SIGN UP HERE!<\/span><\/a><\/div><\/p><\/div>\n<div class=\"flex_column av_one_half  flex_column_div av-zero-column-padding   avia-builder-el-10  el_after_av_one_half  avia-builder-el-last\" style='border-radius:0px; '><div  class='avia-image-container  av-styling-    avia-builder-el-11  avia-builder-el-no-sibling  avia-align-center'  itemprop=\"image\" itemscope=\"itemscope\" itemtype=\"https:\/\/schema.org\/ImageObject\"  ><div class='avia-image-container-inner'><div class='avia-image-overlay-wrap'><img class='wp-image-7013 avia-img-lazy-loading-not-7013 avia_image' src=\"https:\/\/poledancemallorca.com\/wp-content\/uploads\/2023\/11\/DANCE-PARTY-FLYER-728x1030-1.png\" alt='' title='DANCE-PARTY-FLYER-728x1030' height=\"961\" width=\"721\"  itemprop=\"thumbnailUrl\" srcset=\"https:\/\/poledancemallorca.com\/wp-content\/uploads\/2023\/11\/DANCE-PARTY-FLYER-728x1030-1.png 721w, https:\/\/poledancemallorca.com\/wp-content\/uploads\/2023\/11\/DANCE-PARTY-FLYER-728x1030-1-225x300.png 225w, https:\/\/poledancemallorca.com\/wp-content\/uploads\/2023\/11\/DANCE-PARTY-FLYER-728x1030-1-9x12.png 9w, https:\/\/poledancemallorca.com\/wp-content\/uploads\/2023\/11\/DANCE-PARTY-FLYER-728x1030-1-529x705.png 529w\" sizes=\"(max-width: 721px) 100vw, 721px\" \/><\/div><\/div><\/div><\/div>","protected":false},"excerpt":{"rendered":"","protected":false},"author":3,"featured_media":0,"parent":0,"menu_order":0,"comment_status":"closed","ping_status":"closed","template":"","meta":[],"_links":{"self":[{"href":"https:\/\/poledancemallorca.com\/en\/wp-json\/wp\/v2\/pages\/4781"}],"collection":[{"href":"https:\/\/poledancemallorca.com\/en\/wp-json\/wp\/v2\/pages"}],"about":[{"href":"https:\/\/poledancemallorca.com\/en\/wp-json\/wp\/v2\/types\/page"}],"author":[{"embeddable":true,"href":"https:\/\/poledancemallorca.com\/en\/wp-json\/wp\/v2\/users\/3"}],"replies":[{"embeddable":true,"href":"https:\/\/poledancemallorca.com\/en\/wp-json\/wp\/v2\/comments?post=4781"}],"version-history":[{"count":19,"href":"https:\/\/poledancemallorca.com\/en\/wp-json\/wp\/v2\/pages\/4781\/revisions"}],"predecessor-version":[{"id":7011,"href":"https:\/\/poledancemallorca.com\/en\/wp-json\/wp\/v2\/pages\/4781\/revisions\/7011"}],"wp:attachment":[{"href":"https:\/\/poledancemallorca.com\/en\/wp-json\/wp\/v2\/media?parent=4781"}],"curies":[{"name":"wp","href":"https:\/\/api.w.org\/{rel}","templated":true}]}}