{"id":5605,"date":"2019-06-12T13:25:15","date_gmt":"2019-06-12T12:25:15","guid":{"rendered":"https:\/\/poledancemallorca.com\/party-poledance-mallorca-copy\/"},"modified":"2025-04-29T17:18:56","modified_gmt":"2025-04-29T16:18:56","slug":"poleparty-poledance-mallorca","status":"publish","type":"page","link":"https:\/\/poledancemallorca.com\/en\/poleparty-poledance-mallorca\/","title":{"rendered":"POLE PARTY"},"content":{"rendered":"<div  style='padding-bottom:10px; ' class='av-special-heading av-special-heading-h3    avia-builder-el-0  el_before_av_one_half  avia-builder-el-first'><h3 class='av-special-heading-tag'  itemprop=\"headline\"  >POLE PARTY<\/h3><div class='special-heading-border'><div class='special-heading-inner-border' ><\/div><\/div><\/div>\n<div class=\"flex_column av_one_half  flex_column_div av-zero-column-padding first  avia-builder-el-1  el_after_av_heading  el_before_av_one_half\" style='border-radius:0px; '><section class=\"av_textblock_section\"  itemscope=\"itemscope\" itemtype=\"https:\/\/schema.org\/CreativeWork\" ><div class='avia_textblock'   itemprop=\"text\" ><h1 style=\"text-align: center;\">\ud83c\udf89 <strong data-start=\"168\" data-end=\"238\">\u00a1Haz que tu despedida o cumple sea inolvidable con una POLE PARTY!<\/strong> \ud83d\udc83\u2728<\/h1>\n<p>Si est\u00e1s organizando una <strong data-start=\"410\" data-end=\"434\">despedida de soltera<\/strong>, un cumplea\u00f1os inolvidable o simplemente quieres una excusa para pasar un rato incre\u00edble con tus amigas, \u00a1tenemos el plan perfecto para ti!<br data-start=\"574\" data-end=\"577\" \/>Se llama <strong data-start=\"586\" data-end=\"600\">Pole Party<\/strong> y es una experiencia \u00fanica, sensual, divertida y muy empoderadora que est\u00e1 <strong>arrasando en Mallorca<\/strong>. \u00bfTe atreves a probarla?<\/p>\n<h3 class=\"\" data-start=\"724\" data-end=\"754\">\ud83d\udc83 \u00bfQu\u00e9 es una Pole Party?<\/h3>\n<p class=\"\" data-start=\"756\" data-end=\"1135\">Una <strong data-start=\"760\" data-end=\"774\">Pole Party<\/strong> es una clase privada en grupo donde t\u00fa y tus amigas aprender\u00e9is los movimientos b\u00e1sicos del <strong data-start=\"867\" data-end=\"896\">Pole Dance o Exotic Dance<\/strong>, las disciplinas de moda que combinan sensualidad, fuerza, y sobre todo\u2026 \u00a1mucha diversi\u00f3n!<br data-start=\"987\" data-end=\"990\" \/>No necesitas experiencia previa. Lo importante aqu\u00ed es re\u00edr, moverse, sentirse guapa y disfrutar juntas. Ideal para crear recuerdos inolvidables.<\/p>\n<h3 class=\"\" data-start=\"1137\" data-end=\"1172\">\ud83c\udf80 \u00bfQu\u00e9 incluye la experiencia?<\/h3>\n<ul data-start=\"1174\" data-end=\"1548\">\n<li class=\"\" data-start=\"1174\" data-end=\"1287\">\n<p class=\"\" data-start=\"1176\" data-end=\"1287\">\ud83e\ude70 <strong data-start=\"1179\" data-end=\"1210\">Clase privada de 60 minutos<\/strong> con una instructora profesional, en una sala exclusiva solo para vosotras.<\/p>\n<\/li>\n<li class=\"\" data-start=\"1288\" data-end=\"1383\">\n<p class=\"\" data-start=\"1290\" data-end=\"1383\">\ud83d\udcf8 <strong data-start=\"1293\" data-end=\"1318\">Fotos y videos<\/strong>\u00a0para capturar el momento (con opci\u00f3n de atrezzo y accesorios).<\/p>\n<\/li>\n<li class=\"\" data-start=\"1384\" data-end=\"1472\">\n<p class=\"\" data-start=\"1386\" data-end=\"1472\">\ud83d\udc8b <strong data-start=\"1389\" data-end=\"1418\">Accesorios y complementos<\/strong> para darle un toque picante y tem\u00e1tico a la sesi\u00f3n.<\/p>\n<\/li>\n<li class=\"\" data-start=\"1473\" data-end=\"1548\">\n<p class=\"\" data-start=\"1475\" data-end=\"1548\">\ud83c\udf79 <strong data-start=\"1478\" data-end=\"1501\">Agua durante la Pole Party y al finalizar tendr\u00e9is Vino o Lambrusco y snacks<\/strong> para recargar energ\u00eda y brindar por lo vivido.<\/p>\n<\/li>\n<\/ul>\n<p class=\"\" data-start=\"1550\" data-end=\"1702\">Adem\u00e1s, todas las coreograf\u00edas est\u00e1n pensadas para principiantes, con movimientos sexys, sencillos y tem\u00e1ticos. \u00a1Te sorprender\u00e1s de lo que puedes hacer!<\/p>\n<h3 class=\"\" data-start=\"1704\" data-end=\"1741\">\ud83e\udd73 \u00bfPara qui\u00e9n es una Pole Party?<\/h3>\n<p class=\"\" data-start=\"1743\" data-end=\"1955\">Esta actividad est\u00e1 dise\u00f1ada especialmente para grupos de mujeres (aunque tambi\u00e9n se adaptan para grupos mixtos o masculinos) que quieran celebrar algo especial de una forma original y diferente.<\/p>\n<p class=\"\" data-start=\"1743\" data-end=\"1955\">Nuesta Pole Party es perfecta para:<\/p>\n<ul data-start=\"1956\" data-end=\"2086\">\n<li class=\"\" data-start=\"1956\" data-end=\"1981\">\n<p class=\"\" data-start=\"1958\" data-end=\"1981\">Despedidas de soltera y soltero<\/p>\n<\/li>\n<li class=\"\" data-start=\"1982\" data-end=\"1996\">\n<p class=\"\" data-start=\"1984\" data-end=\"1996\">Cumplea\u00f1os<\/p>\n<\/li>\n<li class=\"\" data-start=\"1997\" data-end=\"2025\">\n<p class=\"\" data-start=\"1999\" data-end=\"2025\">Celebraciones con amigas<\/p>\n<\/li>\n<li class=\"\" data-start=\"2026\" data-end=\"2046\">\n<p class=\"\" data-start=\"2028\" data-end=\"2046\">Regalos sorpresa<\/p>\n<\/li>\n<li class=\"\" data-start=\"2047\" data-end=\"2086\">\n<p class=\"\" data-start=\"2049\" data-end=\"2086\">\u00a1O simplemente para romper la rutina!<\/p>\n<\/li>\n<\/ul>\n<h3 class=\"\" data-start=\"2088\" data-end=\"2115\">\ud83d\udcb8 Precios por persona:<\/h3>\n<ul data-start=\"2117\" data-end=\"2199\">\n<li class=\"\" data-start=\"2117\" data-end=\"2144\">\n<p class=\"\" data-start=\"2119\" data-end=\"2144\"><strong>De 5 a 10 personas: 40\u20ac<\/strong><\/p>\n<\/li>\n<li class=\"\" data-start=\"2117\" data-end=\"2144\">\n<p class=\"\" data-start=\"2119\" data-end=\"2144\"><strong>De 11 a 20 personas: 30\u20ac<\/strong><\/p>\n<\/li>\n<li class=\"\" data-start=\"2174\" data-end=\"2199\">\n<p class=\"\" data-start=\"2176\" data-end=\"2199\"><strong>M\u00e1s de 21 personas: 25\u20ac<\/strong><\/p>\n<\/li>\n<\/ul>\n<p class=\"\" data-start=\"2201\" data-end=\"2264\">\ud83c\udfaf Cuanto m\u00e1s grande sea el grupo, \u00a1m\u00e1s econ\u00f3mico y m\u00e1s fiesta!<\/p>\n<h3 class=\"\" data-start=\"2266\" data-end=\"2290\">\ud83d\udccd\u00bfD\u00f3nde se realiza?<\/h3>\n<p class=\"\" data-start=\"2292\" data-end=\"2475\">En la academia <strong data-start=\"2307\" data-end=\"2332\">Pole &amp; Dance Mallorca<\/strong>, una sala privada equipada y decorada especialmente para este tipo de eventos. Ambiente \u00edntimo, seguro y perfecto para soltarte con confianza.<\/p>\n<hr class=\"\" data-start=\"2477\" data-end=\"2480\" \/>\n<h3 class=\"\" data-start=\"2482\" data-end=\"2556\">\ud83c\udf1f \u00a1Reserva tu Pole Party y vive una experiencia \u00fanica con tus amigas!<\/h3>\n<p class=\"\" data-start=\"2558\" data-end=\"2756\">No lo pienses m\u00e1s. Si quieres una despedida de soltera diferente, divertida y que todas record\u00e9is con una sonrisa (y probablemente alg\u00fan que otro agujeta feliz), <strong data-start=\"2720\" data-end=\"2755\">una Pole Party es tu plan ideal<\/strong>.<\/p>\n<p class=\"\" data-start=\"2758\" data-end=\"2825\">\ud83d\uddd3 <strong data-start=\"2761\" data-end=\"2825\">Plazas limitadas. Reserva con antelaci\u00f3n y asegura tu fecha. Escr\u00edbenos o ll\u00e1manos al telf. +34 618 28 88 32<\/strong><\/p>\n<\/div><\/section><br \/>\n<div  class='avia-button-wrap avia-button-center  avia-builder-el-3  el_after_av_textblock  avia-builder-el-last' ><a href='https:\/\/poledancemallorca.com\/en\/contacto\/'  class='avia-button  avia-color-theme-color   avia-icon_select-yes-left-icon avia-size-medium avia-position-center'   ><span class='avia_button_icon avia_button_icon_left' aria-hidden='true' data-av_icon='\ue800' data-av_iconfont='entypo-fontello'><\/span><span class='avia_iconbox_title' >SIGN UP HERE!<\/span><\/a><\/div><\/p><\/div><div class=\"flex_column av_one_half  flex_column_div av-zero-column-padding   avia-builder-el-4  el_after_av_one_half  el_before_av_hr\" style='border-radius:0px; '><div  class='avia-image-container  av-styling-    avia-builder-el-5  avia-builder-el-no-sibling  avia-align-center'  itemprop=\"image\" itemscope=\"itemscope\" itemtype=\"https:\/\/schema.org\/ImageObject\"  ><div class='avia-image-container-inner'><div class='avia-image-overlay-wrap'><img class='wp-image-7012 avia-img-lazy-loading-not-7012 avia_image' src=\"https:\/\/poledancemallorca.com\/wp-content\/uploads\/2023\/11\/pole-party-web-poledance-mallorca-728x1030-1.jpg\" alt='' title='pole-party-web-poledance-mallorca-728x1030' height=\"1030\" width=\"728\"  itemprop=\"thumbnailUrl\" srcset=\"https:\/\/poledancemallorca.com\/wp-content\/uploads\/2023\/11\/pole-party-web-poledance-mallorca-728x1030-1.jpg 728w, https:\/\/poledancemallorca.com\/wp-content\/uploads\/2023\/11\/pole-party-web-poledance-mallorca-728x1030-1-212x300.jpg 212w, https:\/\/poledancemallorca.com\/wp-content\/uploads\/2023\/11\/pole-party-web-poledance-mallorca-728x1030-1-8x12.jpg 8w, https:\/\/poledancemallorca.com\/wp-content\/uploads\/2023\/11\/pole-party-web-poledance-mallorca-728x1030-1-498x705.jpg 498w\" sizes=\"(max-width: 728px) 100vw, 728px\" \/><\/div><\/div><\/div><\/div><\/p>\n<div   class='hr hr-default   avia-builder-el-6  el_after_av_one_half  avia-builder-el-last'><span class='hr-inner' ><span class='hr-inner-style'><\/span><\/span><\/div>","protected":false},"excerpt":{"rendered":"","protected":false},"author":3,"featured_media":0,"parent":0,"menu_order":0,"comment_status":"closed","ping_status":"closed","template":"","meta":[],"_links":{"self":[{"href":"https:\/\/poledancemallorca.com\/en\/wp-json\/wp\/v2\/pages\/5605"}],"collection":[{"href":"https:\/\/poledancemallorca.com\/en\/wp-json\/wp\/v2\/pages"}],"about":[{"href":"https:\/\/poledancemallorca.com\/en\/wp-json\/wp\/v2\/types\/page"}],"author":[{"embeddable":true,"href":"https:\/\/poledancemallorca.com\/en\/wp-json\/wp\/v2\/users\/3"}],"replies":[{"embeddable":true,"href":"https:\/\/poledancemallorca.com\/en\/wp-json\/wp\/v2\/comments?post=5605"}],"version-history":[{"count":7,"href":"https:\/\/poledancemallorca.com\/en\/wp-json\/wp\/v2\/pages\/5605\/revisions"}],"predecessor-version":[{"id":7160,"href":"https:\/\/poledancemallorca.com\/en\/wp-json\/wp\/v2\/pages\/5605\/revisions\/7160"}],"wp:attachment":[{"href":"https:\/\/poledancemallorca.com\/en\/wp-json\/wp\/v2\/media?parent=5605"}],"curies":[{"name":"wp","href":"https:\/\/api.w.org\/{rel}","templated":true}]}}