{"id":5650,"date":"2019-06-14T11:37:48","date_gmt":"2019-06-14T10:37:48","guid":{"rendered":"https:\/\/poledancemallorca.com\/clases-aereos-copy\/"},"modified":"2025-10-03T16:01:40","modified_gmt":"2025-10-03T15:01:40","slug":"clases-baile","status":"publish","type":"page","link":"https:\/\/poledancemallorca.com\/en\/clases-baile\/","title":{"rendered":"DANCE"},"content":{"rendered":"<div   class='hr hr-short hr-center   avia-builder-el-0  el_before_av_heading  avia-builder-el-first'><span class='hr-inner' ><span class='hr-inner-style'><\/span><\/span><\/div>\n<div  style='padding-bottom:10px; ' class='av-special-heading av-special-heading-h3    avia-builder-el-1  el_after_av_hr  el_before_av_one_half'><h3 class='av-special-heading-tag'  itemprop=\"headline\"  >DANCE<\/h3><div class='special-heading-border'><div class='special-heading-inner-border' ><\/div><\/div><\/div>\n<div class=\"flex_column av_one_half  flex_column_div av-zero-column-padding first  avia-builder-el-2  el_after_av_heading  el_before_av_one_half\" style='border-radius:0px; '><div  class='avia-image-container  av-styling-no-styling av-hover-grow   avia-builder-el-3  avia-builder-el-no-sibling  avia-align-left'  itemprop=\"image\" itemscope=\"itemscope\" itemtype=\"https:\/\/schema.org\/ImageObject\"  ><div class='avia-image-container-inner'><div class='avia-image-overlay-wrap'><img class='wp-image-5950 avia-img-lazy-loading-not-5950 avia_image' src=\"https:\/\/poledancemallorca.com\/wp-content\/uploads\/2019\/08\/DSC00355-1030x687.jpg\" alt='' title='DSC00355' height=\"687\" width=\"1030\"  itemprop=\"thumbnailUrl\" srcset=\"https:\/\/poledancemallorca.com\/wp-content\/uploads\/2019\/08\/DSC00355-1030x687.jpg 1030w, https:\/\/poledancemallorca.com\/wp-content\/uploads\/2019\/08\/DSC00355-300x200.jpg 300w, https:\/\/poledancemallorca.com\/wp-content\/uploads\/2019\/08\/DSC00355-768x512.jpg 768w, https:\/\/poledancemallorca.com\/wp-content\/uploads\/2019\/08\/DSC00355-1500x1000.jpg 1500w, https:\/\/poledancemallorca.com\/wp-content\/uploads\/2019\/08\/DSC00355-705x470.jpg 705w, https:\/\/poledancemallorca.com\/wp-content\/uploads\/2019\/08\/DSC00355-450x300.jpg 450w\" sizes=\"(max-width: 1030px) 100vw, 1030px\" \/><\/div><\/div><\/div><\/div>\n<div class=\"flex_column av_one_half  flex_column_div av-zero-column-padding   avia-builder-el-4  el_after_av_one_half  el_before_av_hr\" style='border-radius:0px; '><section class=\"av_textblock_section\"  itemscope=\"itemscope\" itemtype=\"https:\/\/schema.org\/CreativeWork\" ><div class='avia_textblock'   itemprop=\"text\" ><h3>EXOTIC DANCE<\/h3>\n<section class=\"av_textblock_section\">\n<div class=\"avia_textblock\">\n<p>It is a dance of self-expression, freedom, joy and real personal power.<\/p>\n<p>Exotic is a dance discipline performed with a lot of sensuality in the movements. The turns and combos show not so much strength and resistance as they accentuate sensuality, flexibility, interpretation and musicality, integrating the floor as an element within the choreography.<\/p>\n<p>It is suitable for all people who wish to explore new aspects of their sensuality and character, regardless of age, height or complexion.<\/p>\n<p>The class combines a first part of warm-up and physical conditioning focused on the type of exercise that will be performed later: floor technique work, walks, turns, bar grips and choreography.<\/p>\n<p>Suitable for all levels.<\/p>\n<\/div>\n<\/section>\n<\/div><\/section><\/div><div   class='hr hr-short hr-center   avia-builder-el-6  el_after_av_one_half  el_before_av_one_half'><span class='hr-inner' ><span class='hr-inner-style'><\/span><\/span><\/div><\/p>\n<div class=\"flex_column av_one_half  flex_column_div av-zero-column-padding first  avia-builder-el-7  el_after_av_hr  el_before_av_one_half\" style='border-radius:0px; '><div  class='avia-image-container  av-styling-no-styling av-hover-grow   avia-builder-el-8  avia-builder-el-no-sibling  avia-align-left'  itemprop=\"image\" itemscope=\"itemscope\" itemtype=\"https:\/\/schema.org\/ImageObject\"  ><div class='avia-image-container-inner'><div class='avia-image-overlay-wrap'><img class='wp-image-6343 avia-img-lazy-loading-not-6343 avia_image' src=\"https:\/\/poledancemallorca.com\/wp-content\/uploads\/2019\/12\/shutterstock_72458824-1030x601.jpg\" alt='' title='shutterstock_72458824' height=\"601\" width=\"1030\"  itemprop=\"thumbnailUrl\"  \/><\/div><\/div><\/div><\/div>\n<div class=\"flex_column av_one_half  flex_column_div av-zero-column-padding   avia-builder-el-9  el_after_av_one_half  el_before_av_hr\" style='border-radius:0px; '><section class=\"av_textblock_section\"  itemscope=\"itemscope\" itemtype=\"https:\/\/schema.org\/CreativeWork\" ><div class='avia_textblock'   itemprop=\"text\" ><h3>SHOW DANCE<\/h3>\n<section class=\"av_textblock_section\">\n<div class=\"avia_textblock\">\n<p><strong>Ready to get on stage?<\/strong><\/p>\n<p>Una clase de danza totalmente diferente. Bailamos todos los estilos que te puedas imaginar : Disco, Cabaret, Tango, Burlesque\u2026 Olv\u00eddate de tus complejos y emoci\u00f3nate bailando.<\/p>\n<p><strong><em>The main characteristic of this class is the interpretation, become who you want to be and feel free.<\/em><\/strong><\/p>\n<\/div>\n<\/section>\n<section class=\"av_textblock_section\">\n<div class=\"avia_textblock\"><\/div>\n<\/section>\n<section class=\"av_textblock_section\">\n<div class=\"avia_textblock\"><\/div>\n<\/section>\n<\/div><\/section><\/div><div   class='hr hr-short hr-center   avia-builder-el-11  el_after_av_one_half  el_before_av_one_half'><span class='hr-inner' ><span class='hr-inner-style'><\/span><\/span><\/div><\/p>\n<div class=\"flex_column av_one_half  flex_column_div av-zero-column-padding first  avia-builder-el-12  el_after_av_hr  el_before_av_one_half\" style='border-radius:0px; '><div  class='avia-image-container  av-styling-no-styling av-hover-grow   avia-builder-el-13  avia-builder-el-no-sibling  avia-align-left'  itemprop=\"image\" itemscope=\"itemscope\" itemtype=\"https:\/\/schema.org\/ImageObject\"  ><div class='avia-image-container-inner'><div class='avia-image-overlay-wrap'><img class='wp-image-6865 avia-img-lazy-loading-not-6865 avia_image' src=\"https:\/\/poledancemallorca.com\/wp-content\/uploads\/2023\/10\/Coca-scaled.jpg\" alt='' title='Coca' height=\"1707\" width=\"2560\"  itemprop=\"thumbnailUrl\" srcset=\"https:\/\/poledancemallorca.com\/wp-content\/uploads\/2023\/10\/Coca-scaled.jpg 2560w, https:\/\/poledancemallorca.com\/wp-content\/uploads\/2023\/10\/Coca-300x200.jpg 300w, https:\/\/poledancemallorca.com\/wp-content\/uploads\/2023\/10\/Coca-1030x687.jpg 1030w, https:\/\/poledancemallorca.com\/wp-content\/uploads\/2023\/10\/Coca-768x512.jpg 768w, https:\/\/poledancemallorca.com\/wp-content\/uploads\/2023\/10\/Coca-1536x1024.jpg 1536w, https:\/\/poledancemallorca.com\/wp-content\/uploads\/2023\/10\/Coca-2048x1365.jpg 2048w, https:\/\/poledancemallorca.com\/wp-content\/uploads\/2023\/10\/Coca-16x12.jpg 16w, https:\/\/poledancemallorca.com\/wp-content\/uploads\/2023\/10\/Coca-1500x1000.jpg 1500w, https:\/\/poledancemallorca.com\/wp-content\/uploads\/2023\/10\/Coca-705x470.jpg 705w\" sizes=\"(max-width: 2560px) 100vw, 2560px\" \/><\/div><\/div><\/div><\/div>\n<div class=\"flex_column av_one_half  flex_column_div av-zero-column-padding   avia-builder-el-14  el_after_av_one_half  el_before_av_hr\" style='border-radius:0px; '><section class=\"av_textblock_section\"  itemscope=\"itemscope\" itemtype=\"https:\/\/schema.org\/CreativeWork\" ><div class='avia_textblock'   itemprop=\"text\" ><h3 style=\"text-align: left;\">POLE ART<\/h3>\n<section class=\"av_textblock_section\">\n<div class=\"avia_textblock\">\n<p>PoleArt trata de combinar diferentes estilos de baile con el Pole Dance. Cada mes se hacen coreograf\u00edas diferentes, intercalando el estilo contempor\u00e1neo y el urbano. \u00a1Aprender\u00e1s coordinaci\u00f3n, expresividad y a fluir con la m\u00fasica!<\/p>\n<\/div>\n<\/section>\n<\/div><\/section><\/div><div   class='hr hr-short hr-center   avia-builder-el-16  el_after_av_one_half  el_before_av_one_half'><span class='hr-inner' ><span class='hr-inner-style'><\/span><\/span><\/div><\/p>\n<div class=\"flex_column av_one_half  flex_column_div av-zero-column-padding first  avia-builder-el-17  el_after_av_hr  el_before_av_one_half\" style='border-radius:0px; '><div  class='avia-image-container  av-styling-no-styling av-hover-grow   avia-builder-el-18  avia-builder-el-no-sibling  avia-align-left'  itemprop=\"image\" itemscope=\"itemscope\" itemtype=\"https:\/\/schema.org\/ImageObject\"  ><div class='avia-image-container-inner'><div class='avia-image-overlay-wrap'><img class='wp-image-7210 avia-img-lazy-loading-not-7210 avia_image' src=\"https:\/\/poledancemallorca.com\/wp-content\/uploads\/2025\/10\/Captura-de-pantalla-2025-10-03-170034.png\" alt='' title='' height=\"585\" width=\"582\"  itemprop=\"thumbnailUrl\" srcset=\"https:\/\/poledancemallorca.com\/wp-content\/uploads\/2025\/10\/Captura-de-pantalla-2025-10-03-170034.png 582w, https:\/\/poledancemallorca.com\/wp-content\/uploads\/2025\/10\/Captura-de-pantalla-2025-10-03-170034-298x300.png 298w, https:\/\/poledancemallorca.com\/wp-content\/uploads\/2025\/10\/Captura-de-pantalla-2025-10-03-170034-80x80.png 80w, https:\/\/poledancemallorca.com\/wp-content\/uploads\/2025\/10\/Captura-de-pantalla-2025-10-03-170034-12x12.png 12w, https:\/\/poledancemallorca.com\/wp-content\/uploads\/2025\/10\/Captura-de-pantalla-2025-10-03-170034-36x36.png 36w, https:\/\/poledancemallorca.com\/wp-content\/uploads\/2025\/10\/Captura-de-pantalla-2025-10-03-170034-180x180.png 180w\" sizes=\"(max-width: 582px) 100vw, 582px\" \/><\/div><\/div><\/div><\/div><div class=\"flex_column av_one_half  flex_column_div av-zero-column-padding   avia-builder-el-19  el_after_av_one_half  avia-builder-el-last\" style='border-radius:0px; '><section class=\"av_textblock_section\"  itemscope=\"itemscope\" itemtype=\"https:\/\/schema.org\/CreativeWork\" ><div class='avia_textblock'   itemprop=\"text\" ><h3 style=\"text-align: left;\">CHAIR DANCE<\/h3>\n<section class=\"av_textblock_section\">\n<div class=\"avia_textblock\">\n<p data-start=\"79\" data-end=\"320\">El <strong data-start=\"82\" data-end=\"105\">chair dance sensual<\/strong> es un estilo de baile en el que se usa la silla como parte de la coreograf\u00eda. Sus movimientos son suaves y femeninos, pensados para resaltar la sensualidad y hacer que cada chica se sienta m\u00e1s segura de s\u00ed misma.<\/p>\n<p data-start=\"322\" data-end=\"562\">Adem\u00e1s de ser divertido, ayuda a ganar confianza, mejorar la postura y disfrutar del momento sin prejuicios. Es una forma de expresarse libremente, conectar con el propio cuerpo y pasar un buen rato mientras se baila con actitud y estilo.<\/p>\n<\/div>\n<\/section>\n<\/div><\/section><\/div><\/p>","protected":false},"excerpt":{"rendered":"","protected":false},"author":3,"featured_media":0,"parent":0,"menu_order":5,"comment_status":"closed","ping_status":"closed","template":"","meta":[],"_links":{"self":[{"href":"https:\/\/poledancemallorca.com\/en\/wp-json\/wp\/v2\/pages\/5650"}],"collection":[{"href":"https:\/\/poledancemallorca.com\/en\/wp-json\/wp\/v2\/pages"}],"about":[{"href":"https:\/\/poledancemallorca.com\/en\/wp-json\/wp\/v2\/types\/page"}],"author":[{"embeddable":true,"href":"https:\/\/poledancemallorca.com\/en\/wp-json\/wp\/v2\/users\/3"}],"replies":[{"embeddable":true,"href":"https:\/\/poledancemallorca.com\/en\/wp-json\/wp\/v2\/comments?post=5650"}],"version-history":[{"count":25,"href":"https:\/\/poledancemallorca.com\/en\/wp-json\/wp\/v2\/pages\/5650\/revisions"}],"predecessor-version":[{"id":7209,"href":"https:\/\/poledancemallorca.com\/en\/wp-json\/wp\/v2\/pages\/5650\/revisions\/7209"}],"wp:attachment":[{"href":"https:\/\/poledancemallorca.com\/en\/wp-json\/wp\/v2\/media?parent=5650"}],"curies":[{"name":"wp","href":"https:\/\/api.w.org\/{rel}","templated":true}]}}