{"id":6044,"date":"2019-09-17T12:23:51","date_gmt":"2019-09-17T11:23:51","guid":{"rendered":"https:\/\/poledancemallorca.com\/polekids-copy\/"},"modified":"2023-10-16T12:37:21","modified_gmt":"2023-10-16T11:37:21","slug":"family-pole","status":"publish","type":"page","link":"https:\/\/poledancemallorca.com\/en\/family-pole\/","title":{"rendered":"FAMILY POLE"},"content":{"rendered":"<div   class='hr hr-short hr-center   avia-builder-el-0  el_before_av_heading  avia-builder-el-first'><span class='hr-inner' ><span class='hr-inner-style'><\/span><\/span><\/div>\n<div  style='padding-bottom:10px; ' class='av-special-heading av-special-heading-h3    avia-builder-el-1  el_after_av_hr  el_before_av_one_half'><h3 class='av-special-heading-tag'  itemprop=\"headline\"  >FAMILY POLE<\/h3><div class='special-heading-border'><div class='special-heading-inner-border' ><\/div><\/div><\/div>\n<div class=\"flex_column av_one_half  flex_column_div av-zero-column-padding first  avia-builder-el-2  el_after_av_heading  el_before_av_one_half\" style='border-radius:0px; '><div  class='avia-gallery  avia-gallery-1 deactivate_avia_lazyload avia-gallery-animate avia_animate_when_visible  avia-builder-el-3  avia-builder-el-no-sibling  av-hide-gallery-thumbs'  itemprop=\"image\" itemscope=\"itemscope\" itemtype=\"https:\/\/schema.org\/ImageObject\" ><a class='avia-gallery-big fakeLightbox lightbox avia-gallery-big-crop-thumb' href='https:\/\/poledancemallorca.com\/wp-content\/uploads\/2019\/09\/Family-Pole-def-web-1030x728.jpg'  data-onclick='1' title='' ><span class='avia-gallery-big-inner'  itemprop=\"thumbnailUrl\" ><img class=\"wp-image-6008 avia-img-lazy-loading-not-6008\"  width=\"1030\" height=\"728\" src=\"https:\/\/poledancemallorca.com\/wp-content\/uploads\/2019\/09\/Family-Pole-def-web-1030x728.jpg\" title='Family-Pole-def-web' alt='' srcset=\"https:\/\/poledancemallorca.com\/wp-content\/uploads\/2019\/09\/Family-Pole-def-web-1030x728.jpg 1030w, https:\/\/poledancemallorca.com\/wp-content\/uploads\/2019\/09\/Family-Pole-def-web-300x212.jpg 300w, https:\/\/poledancemallorca.com\/wp-content\/uploads\/2019\/09\/Family-Pole-def-web-768x543.jpg 768w, https:\/\/poledancemallorca.com\/wp-content\/uploads\/2019\/09\/Family-Pole-def-web-1500x1060.jpg 1500w, https:\/\/poledancemallorca.com\/wp-content\/uploads\/2019\/09\/Family-Pole-def-web-260x185.jpg 260w, https:\/\/poledancemallorca.com\/wp-content\/uploads\/2019\/09\/Family-Pole-def-web-705x498.jpg 705w, https:\/\/poledancemallorca.com\/wp-content\/uploads\/2019\/09\/Family-Pole-def-web-450x318.jpg 450w, https:\/\/poledancemallorca.com\/wp-content\/uploads\/2019\/09\/Family-Pole-def-web.jpg 1600w\" sizes=\"(max-width: 1030px) 100vw, 1030px\" \/><\/span><\/a><div class='avia-gallery-thumb'> <a href='https:\/\/poledancemallorca.com\/wp-content\/uploads\/2019\/09\/Family-Pole-def-web-1030x728.jpg' data-rel='gallery-1' data-prev-img='https:\/\/poledancemallorca.com\/wp-content\/uploads\/2019\/09\/Family-Pole-def-web-1030x728.jpg' class='first_thumb lightbox' data-onclick='1' title=''  itemprop=\"thumbnailUrl\"  ><img class=\"wp-image-6008 avia-img-lazy-loading-not-6008\"   src=\"https:\/\/poledancemallorca.com\/wp-content\/uploads\/2019\/09\/Family-Pole-def-web-495x400.jpg\" width=\"495\" height=\"400\"  title='Family-Pole-def-web' alt='' srcset=\"https:\/\/poledancemallorca.com\/wp-content\/uploads\/2019\/09\/Family-Pole-def-web-495x400.jpg 495w, https:\/\/poledancemallorca.com\/wp-content\/uploads\/2019\/09\/Family-Pole-def-web-845x684.jpg 845w\" sizes=\"(max-width: 495px) 100vw, 495px\" \/><\/a><\/div><\/div><\/div>\n<div class=\"flex_column av_one_half  flex_column_div av-zero-column-padding   avia-builder-el-4  el_after_av_one_half  el_before_av_hr\" style='border-radius:0px; '><section class=\"av_textblock_section\"  itemscope=\"itemscope\" itemtype=\"https:\/\/schema.org\/CreativeWork\" ><div class='avia_textblock'   itemprop=\"text\" ><section class=\"av_textblock_section\">\n<div class=\"avia_textblock\">\n<h1 class=\"mc-toc-title\">FAMILY POLE<\/h1>\n<p><em>SHARE BY PRACTICING YOUR FAVORITE SPORT.<\/em><\/p>\n<p>Con esta nueva propuesta de Pole Dance, practicando Family Pole podr\u00e9is pasar m\u00e1s tiempo con los tuyos y aumentar tanto los niveles de aptitud f\u00edsica de las ni\u00f1as y adultas\u00a0como de vuestra creatividad. <strong>Class: 90 minutes.<\/strong><\/p>\n<blockquote>\n<h3>PRICES:<\/h3>\n<p><strong><span class=\"_5mfr\"><span class=\"_6qdm\">BRONZE \u2013 59\u20ac: 4 clases de Pole o A\u00e9reos + 4 del resto de estilos.<br \/>\nSILVER \u2013 75\u20ac: 8 clases de Pole o A\u00e9reos + 8 del resto de estilos.<br \/>\nGOLD \u2013 89\u20ac: 12 clases de Pole o A\u00e9reos + 12 del resto de estilos.<br \/>\nDIAMOND\u00a0 -109\u20ac : 24 clases de Pole o A\u00e9reos + 24 del resto de estilos.<\/span><\/span><\/strong><\/p>\n<p>*Other rates to consult<\/p>\n<\/blockquote>\n<p><a href=\"https:\/\/www.facebook.com\/hashtag\/familypole?source=feed_text&amp;epa=HASHTAG&amp;__xts__0=68.ARC678-nKVGpiEIS2AyKF-u6cuyYYvd6u8CcRFKnar_AtKEZ_8wOUtCDDqmLZuPAQBdGx29ZmJbXBnJ0GhHksTanJi2a1F9nTFvL0XuLNsSg_OcrX2jgDynj9Oi9_FbN0MqXGYwVst32iCxkS4zIhHIQuIWd3upVvjKF8ODDUgZ_DXyIKqIjkFOUBm0i4yJQU1mjbDtQOVWyUxELnJhWNuw0XdJ-_vsUEIxPRMTiEF-JqlpArX9ULriQq6oPyRMFx3mf3TsG5N6_1du7pu9QswlijIB47UjuBLJbac4UadP92jnwSIreQtlgcQ9N5noE27MUcAvyvXWRezkp6j_I5CQd43uZ&amp;__tn__=NK-R\" type=\"\" data-ft=\"{\" data-cke-saved-href=\"https:\/\/www.facebook.com\/hashtag\/familypole?source=feed_text&amp;epa=HASHTAG&amp;__xts__%5B0%5D=68.ARC678-nKVGpiEIS2AyKF-u6cuyYYvd6u8CcRFKnar_AtKEZ_8wOUtCDDqmLZuPAQBdGx29ZmJbXBnJ0GhHksTanJi2a1F9nTFvL0XuLNsSg_OcrX2jgDynj9Oi9_FbN0MqXGYwVst32iCxkS4zIhHIQuIWd3upVvjKF8ODDUgZ_DXyIKqIjkFOUBm0i4yJQU1mjbDtQOVWyUxELnJhWNuw0XdJ-_vsUEIxPRMTiEF-JqlpArX9ULriQq6oPyRMFx3mf3TsG5N6_1du7pu9QswlijIB47UjuBLJbac4UadP92jnwSIreQtlgcQ9N5noE27MUcAvyvXWRezkp6j_I5CQd43uZ&amp;__tn__=%2ANK-R\">#familypole<\/a>\u00a0<a href=\"https:\/\/www.facebook.com\/hashtag\/poledancemallorca?source=feed_text&amp;epa=HASHTAG&amp;__xts__%5B0%5D=68.ARC678-nKVGpiEIS2AyKF-u6cuyYYvd6u8CcRFKnar_AtKEZ_8wOUtCDDqmLZuPAQBdGx29ZmJbXBnJ0GhHksTanJi2a1F9nTFvL0XuLNsSg_OcrX2jgDynj9Oi9_FbN0MqXGYwVst32iCxkS4zIhHIQuIWd3upVvjKF8ODDUgZ_DXyIKqIjkFOUBm0i4yJQU1mjbDtQOVWyUxELnJhWNuw0XdJ-_vsUEIxPRMTiEF-JqlpArX9ULriQq6oPyRMFx3mf3TsG5N6_1du7pu9QswlijIB47UjuBLJbac4UadP92jnwSIreQtlgcQ9N5noE27MUcAvyvXWRezkp6j_I5CQd43uZ&amp;__tn__=%2ANK-R\" type=\"\" data-ft=\"{\" data-cke-saved-href=\"https:\/\/www.facebook.com\/hashtag\/poledancemallorca?source=feed_text&amp;epa=HASHTAG&amp;__xts__%5B0%5D=68.ARC678-nKVGpiEIS2AyKF-u6cuyYYvd6u8CcRFKnar_AtKEZ_8wOUtCDDqmLZuPAQBdGx29ZmJbXBnJ0GhHksTanJi2a1F9nTFvL0XuLNsSg_OcrX2jgDynj9Oi9_FbN0MqXGYwVst32iCxkS4zIhHIQuIWd3upVvjKF8ODDUgZ_DXyIKqIjkFOUBm0i4yJQU1mjbDtQOVWyUxELnJhWNuw0XdJ-_vsUEIxPRMTiEF-JqlpArX9ULriQq6oPyRMFx3mf3TsG5N6_1du7pu9QswlijIB47UjuBLJbac4UadP92jnwSIreQtlgcQ9N5noE27MUcAvyvXWRezkp6j_I5CQd43uZ&amp;__tn__=%2ANK-R\">#poledancemallorca<\/a>\u00a0<a href=\"https:\/\/www.facebook.com\/hashtag\/mallorca?source=feed_text&amp;epa=HASHTAG&amp;__xts__%5B0%5D=68.ARC678-nKVGpiEIS2AyKF-u6cuyYYvd6u8CcRFKnar_AtKEZ_8wOUtCDDqmLZuPAQBdGx29ZmJbXBnJ0GhHksTanJi2a1F9nTFvL0XuLNsSg_OcrX2jgDynj9Oi9_FbN0MqXGYwVst32iCxkS4zIhHIQuIWd3upVvjKF8ODDUgZ_DXyIKqIjkFOUBm0i4yJQU1mjbDtQOVWyUxELnJhWNuw0XdJ-_vsUEIxPRMTiEF-JqlpArX9ULriQq6oPyRMFx3mf3TsG5N6_1du7pu9QswlijIB47UjuBLJbac4UadP92jnwSIreQtlgcQ9N5noE27MUcAvyvXWRezkp6j_I5CQd43uZ&amp;__tn__=%2ANK-R\" type=\"\" data-ft=\"{\" data-cke-saved-href=\"https:\/\/www.facebook.com\/hashtag\/mallorca?source=feed_text&amp;epa=HASHTAG&amp;__xts__%5B0%5D=68.ARC678-nKVGpiEIS2AyKF-u6cuyYYvd6u8CcRFKnar_AtKEZ_8wOUtCDDqmLZuPAQBdGx29ZmJbXBnJ0GhHksTanJi2a1F9nTFvL0XuLNsSg_OcrX2jgDynj9Oi9_FbN0MqXGYwVst32iCxkS4zIhHIQuIWd3upVvjKF8ODDUgZ_DXyIKqIjkFOUBm0i4yJQU1mjbDtQOVWyUxELnJhWNuw0XdJ-_vsUEIxPRMTiEF-JqlpArX9ULriQq6oPyRMFx3mf3TsG5N6_1du7pu9QswlijIB47UjuBLJbac4UadP92jnwSIreQtlgcQ9N5noE27MUcAvyvXWRezkp6j_I5CQd43uZ&amp;__tn__=%2ANK-R\">#mallorca<\/a><\/p>\n<\/div>\n<\/section>\n<section class=\"av_textblock_section\">\n<div class=\"avia_textblock\"><\/div>\n<\/section>\n<\/div><\/section><\/div><div   class='hr hr-short hr-center   avia-builder-el-6  el_after_av_one_half  el_before_av_one_third'><span class='hr-inner' ><span class='hr-inner-style'><\/span><\/span><\/div><\/p>\n<div class=\"flex_column av_one_third  flex_column_div av-zero-column-padding first  avia-builder-el-7  el_after_av_hr  el_before_av_one_third\" style='border-radius:0px; '><div  class='avia-image-container  av-styling-    avia-builder-el-8  avia-builder-el-no-sibling  avia-align-center'  itemprop=\"image\" itemscope=\"itemscope\" itemtype=\"https:\/\/schema.org\/ImageObject\"  ><div class='avia-image-container-inner'><div class='avia-image-overlay-wrap'><img class='wp-image-6007 avia-img-lazy-loading-not-6007 avia_image' src=\"https:\/\/poledancemallorca.com\/wp-content\/uploads\/2019\/09\/Polekids-def-web-1030x728.jpg\" alt='' title='Polekids-def-web' height=\"728\" width=\"1030\"  itemprop=\"thumbnailUrl\" srcset=\"https:\/\/poledancemallorca.com\/wp-content\/uploads\/2019\/09\/Polekids-def-web-1030x728.jpg 1030w, https:\/\/poledancemallorca.com\/wp-content\/uploads\/2019\/09\/Polekids-def-web-300x212.jpg 300w, https:\/\/poledancemallorca.com\/wp-content\/uploads\/2019\/09\/Polekids-def-web-768x543.jpg 768w, https:\/\/poledancemallorca.com\/wp-content\/uploads\/2019\/09\/Polekids-def-web-1500x1060.jpg 1500w, https:\/\/poledancemallorca.com\/wp-content\/uploads\/2019\/09\/Polekids-def-web-260x185.jpg 260w, https:\/\/poledancemallorca.com\/wp-content\/uploads\/2019\/09\/Polekids-def-web-705x498.jpg 705w, https:\/\/poledancemallorca.com\/wp-content\/uploads\/2019\/09\/Polekids-def-web-450x318.jpg 450w, https:\/\/poledancemallorca.com\/wp-content\/uploads\/2019\/09\/Polekids-def-web.jpg 1600w\" sizes=\"(max-width: 1030px) 100vw, 1030px\" \/><\/div><\/div><\/div><\/div>\n<div class=\"flex_column av_one_third  flex_column_div av-zero-column-padding   avia-builder-el-9  el_after_av_one_third  el_before_av_one_third\" style='border-radius:0px; '><div  class='avia-image-container  av-styling-    avia-builder-el-10  avia-builder-el-no-sibling  avia-align-center'  itemprop=\"image\" itemscope=\"itemscope\" itemtype=\"https:\/\/schema.org\/ImageObject\"  ><div class='avia-image-container-inner'><div class='avia-image-overlay-wrap'><img class='wp-image-6008 avia-img-lazy-loading-not-6008 avia_image' src=\"https:\/\/poledancemallorca.com\/wp-content\/uploads\/2019\/09\/Family-Pole-def-web-1030x728.jpg\" alt='' title='Family-Pole-def-web' height=\"728\" width=\"1030\"  itemprop=\"thumbnailUrl\" srcset=\"https:\/\/poledancemallorca.com\/wp-content\/uploads\/2019\/09\/Family-Pole-def-web-1030x728.jpg 1030w, https:\/\/poledancemallorca.com\/wp-content\/uploads\/2019\/09\/Family-Pole-def-web-300x212.jpg 300w, https:\/\/poledancemallorca.com\/wp-content\/uploads\/2019\/09\/Family-Pole-def-web-768x543.jpg 768w, https:\/\/poledancemallorca.com\/wp-content\/uploads\/2019\/09\/Family-Pole-def-web-1500x1060.jpg 1500w, https:\/\/poledancemallorca.com\/wp-content\/uploads\/2019\/09\/Family-Pole-def-web-260x185.jpg 260w, https:\/\/poledancemallorca.com\/wp-content\/uploads\/2019\/09\/Family-Pole-def-web-705x498.jpg 705w, https:\/\/poledancemallorca.com\/wp-content\/uploads\/2019\/09\/Family-Pole-def-web-450x318.jpg 450w, https:\/\/poledancemallorca.com\/wp-content\/uploads\/2019\/09\/Family-Pole-def-web.jpg 1600w\" sizes=\"(max-width: 1030px) 100vw, 1030px\" \/><\/div><\/div><\/div><\/div>\n<div class=\"flex_column av_one_third  flex_column_div av-zero-column-padding   avia-builder-el-11  el_after_av_one_third  avia-builder-el-last\" style='border-radius:0px; '><div  class='avia-image-container  av-styling-    avia-builder-el-12  avia-builder-el-no-sibling  avia-align-center'  itemprop=\"image\" itemscope=\"itemscope\" itemtype=\"https:\/\/schema.org\/ImageObject\"  ><div class='avia-image-container-inner'><div class='avia-image-overlay-wrap'><img class='wp-image-6009 avia-img-lazy-loading-not-6009 avia_image' src=\"https:\/\/poledancemallorca.com\/wp-content\/uploads\/2019\/09\/Telaskids-def-web-1030x728.jpg\" alt='' title='Telaskids-def-web' height=\"728\" width=\"1030\"  itemprop=\"thumbnailUrl\" srcset=\"https:\/\/poledancemallorca.com\/wp-content\/uploads\/2019\/09\/Telaskids-def-web-1030x728.jpg 1030w, https:\/\/poledancemallorca.com\/wp-content\/uploads\/2019\/09\/Telaskids-def-web-300x212.jpg 300w, https:\/\/poledancemallorca.com\/wp-content\/uploads\/2019\/09\/Telaskids-def-web-768x543.jpg 768w, https:\/\/poledancemallorca.com\/wp-content\/uploads\/2019\/09\/Telaskids-def-web-1500x1060.jpg 1500w, https:\/\/poledancemallorca.com\/wp-content\/uploads\/2019\/09\/Telaskids-def-web-260x185.jpg 260w, https:\/\/poledancemallorca.com\/wp-content\/uploads\/2019\/09\/Telaskids-def-web-705x498.jpg 705w, https:\/\/poledancemallorca.com\/wp-content\/uploads\/2019\/09\/Telaskids-def-web-450x318.jpg 450w, https:\/\/poledancemallorca.com\/wp-content\/uploads\/2019\/09\/Telaskids-def-web.jpg 1600w\" sizes=\"(max-width: 1030px) 100vw, 1030px\" \/><\/div><\/div><\/div><\/div>","protected":false},"excerpt":{"rendered":"","protected":false},"author":3,"featured_media":0,"parent":0,"menu_order":5,"comment_status":"closed","ping_status":"closed","template":"","meta":[],"_links":{"self":[{"href":"https:\/\/poledancemallorca.com\/en\/wp-json\/wp\/v2\/pages\/6044"}],"collection":[{"href":"https:\/\/poledancemallorca.com\/en\/wp-json\/wp\/v2\/pages"}],"about":[{"href":"https:\/\/poledancemallorca.com\/en\/wp-json\/wp\/v2\/types\/page"}],"author":[{"embeddable":true,"href":"https:\/\/poledancemallorca.com\/en\/wp-json\/wp\/v2\/users\/3"}],"replies":[{"embeddable":true,"href":"https:\/\/poledancemallorca.com\/en\/wp-json\/wp\/v2\/comments?post=6044"}],"version-history":[{"count":6,"href":"https:\/\/poledancemallorca.com\/en\/wp-json\/wp\/v2\/pages\/6044\/revisions"}],"predecessor-version":[{"id":6882,"href":"https:\/\/poledancemallorca.com\/en\/wp-json\/wp\/v2\/pages\/6044\/revisions\/6882"}],"wp:attachment":[{"href":"https:\/\/poledancemallorca.com\/en\/wp-json\/wp\/v2\/media?parent=6044"}],"curies":[{"name":"wp","href":"https:\/\/api.w.org\/{rel}","templated":true}]}}